{"id":76,"date":"2018-10-10T12:54:29","date_gmt":"2018-10-10T10:54:29","guid":{"rendered":"http:\/\/www.vistamare.fr\/?page_id=76"},"modified":"2026-02-16T17:05:29","modified_gmt":"2026-02-16T16:05:29","slug":"plages","status":"publish","type":"page","link":"https:\/\/www.vistamare.fr\/en\/plages\/","title":{"rendered":"The beaches"},"content":{"rendered":"<div data-elementor-type=\"wp-page\" data-elementor-id=\"76\" class=\"elementor elementor-76\">\n\t\t\t\t<div class=\"elementor-element elementor-element-1a7317d e-flex e-con-boxed e-con e-parent\" data-id=\"1a7317d\" data-element_type=\"container\" data-e-type=\"container\">\n\t\t\t\t\t<div class=\"e-con-inner\">\n\t\t\t\t<div class=\"elementor-element elementor-element-4272d98 elementor-widget elementor-widget-heading\" data-id=\"4272d98\" data-element_type=\"widget\" data-e-type=\"widget\" data-widget_type=\"heading.default\">\n\t\t\t\t<div class=\"elementor-widget-container\">\n\t\t\t\t\t<h2 class=\"elementor-heading-title elementor-size-default\">The beaches<\/h2>\t\t\t\t<\/div>\n\t\t\t\t<\/div>\n\t\t\t\t\t<\/div>\n\t\t\t\t<\/div>\n\t\t<div class=\"elementor-element elementor-element-99c0601 e-flex e-con-boxed e-con e-parent\" data-id=\"99c0601\" data-element_type=\"container\" data-e-type=\"container\">\n\t\t\t\t\t<div class=\"e-con-inner\">\n\t\t\t\t<div class=\"elementor-element elementor-element-2d3aaac elementor-widget elementor-widget-text-editor\" data-id=\"2d3aaac\" data-element_type=\"widget\" data-e-type=\"widget\" data-widget_type=\"text-editor.default\">\n\t\t\t\t<div class=\"elementor-widget-container\">\n\t\t\t\t\t\t\t\t\t<p><strong>Porticcio<\/strong>, station baln\u00e9aire du<strong> sud de la Corse<\/strong>, s\u2019\u00e9tend dans le golfe d\u2019Ajaccio, sur la commune de Grosseto-Prugna.<\/p><p>Situ\u00e9e<strong> \u00e0 18 km d\u2019Ajaccio<\/strong> et<strong> \u00e0 13 km de l\u2019a\u00e9roport<\/strong> <strong>Ajaccio Napol\u00e9on-Bonaparte<\/strong>, elle s\u00e9duit par sa facilit\u00e9 d\u2019acc\u00e8s et son cadre exceptionnel.<br \/>Tout au long de la c\u00f4te, une succession de<strong> plages de sable fin et de criques<\/strong> vous attend, offrant chacune une ambiance unique.<\/p><p><strong><span style=\"text-decoration: underline;\">Explorez les plages<\/span> <\/strong>: <span style=\"color: #3ca0cb;\"><em>cliquez sur les images pour en d\u00e9couvrir davantage<\/em>.<\/span><\/p>\t\t\t\t\t\t\t\t<\/div>\n\t\t\t\t<\/div>\n\t\t\t\t\t<\/div>\n\t\t\t\t<\/div>\n\t\t<div class=\"elementor-element elementor-element-567d598 e-grid e-con-boxed e-con e-parent\" data-id=\"567d598\" data-element_type=\"container\" data-e-type=\"container\">\n\t\t\t\t\t<div class=\"e-con-inner\">\n\t\t<div class=\"elementor-element elementor-element-a8b0997 e-con-full e-flex e-con e-child\" data-id=\"a8b0997\" data-element_type=\"container\" data-e-type=\"container\">\n\t\t\t\t<div class=\"elementor-element elementor-element-8a41e80 elementor-widget elementor-widget-heading\" data-id=\"8a41e80\" data-element_type=\"widget\" data-e-type=\"widget\" data-widget_type=\"heading.default\">\n\t\t\t\t<div class=\"elementor-widget-container\">\n\t\t\t\t\t<h3 class=\"elementor-heading-title elementor-size-default\">Plage de la Viva<\/h3>\t\t\t\t<\/div>\n\t\t\t\t<\/div>\n\t\t\t\t<div class=\"elementor-element elementor-element-e8a5f09 elementor-widget elementor-widget-image\" data-id=\"e8a5f09\" data-element_type=\"widget\" data-e-type=\"widget\" data-widget_type=\"image.default\">\n\t\t\t\t<div class=\"elementor-widget-container\">\n\t\t\t\t\t\t\t\t\t\t\t\t<figure class=\"wp-caption\">\n\t\t\t\t\t\t\t\t\t\t\t<a href=\"https:\/\/www.vistamare.fr\/en\/plage-de-la-viva\/\">\n\t\t\t\t\t\t\t<img fetchpriority=\"high\" decoding=\"async\" width=\"768\" height=\"374\" src=\"https:\/\/www.vistamare.fr\/wp-content\/uploads\/2019\/08\/20190405_131342-768x374.jpg\" class=\"attachment-medium_large size-medium_large wp-image-245\" alt=\"\" srcset=\"https:\/\/www.vistamare.fr\/wp-content\/uploads\/2019\/08\/20190405_131342-768x374.jpg 768w, https:\/\/www.vistamare.fr\/wp-content\/uploads\/2019\/08\/20190405_131342-300x146.jpg 300w, https:\/\/www.vistamare.fr\/wp-content\/uploads\/2019\/08\/20190405_131342-1024x498.jpg 1024w, https:\/\/www.vistamare.fr\/wp-content\/uploads\/2019\/08\/20190405_131342-100x49.jpg 100w, https:\/\/www.vistamare.fr\/wp-content\/uploads\/2019\/08\/20190405_131342-150x73.jpg 150w, https:\/\/www.vistamare.fr\/wp-content\/uploads\/2019\/08\/20190405_131342-200x97.jpg 200w, https:\/\/www.vistamare.fr\/wp-content\/uploads\/2019\/08\/20190405_131342-450x219.jpg 450w, https:\/\/www.vistamare.fr\/wp-content\/uploads\/2019\/08\/20190405_131342-600x292.jpg 600w, https:\/\/www.vistamare.fr\/wp-content\/uploads\/2019\/08\/20190405_131342-900x438.jpg 900w, https:\/\/www.vistamare.fr\/wp-content\/uploads\/2019\/08\/20190405_131342.jpg 1980w\" sizes=\"(max-width: 768px) 100vw, 768px\" \/>\t\t\t\t\t\t\t\t<\/a>\n\t\t\t\t\t\t\t\t\t\t\t<figcaption class=\"widget-image-caption wp-caption-text\">Porticcio<\/figcaption>\n\t\t\t\t\t\t\t\t\t\t<\/figure>\n\t\t\t\t\t\t\t\t\t<\/div>\n\t\t\t\t<\/div>\n\t\t\t\t<\/div>\n\t\t<div class=\"elementor-element elementor-element-3ed97ed e-con-full e-flex e-con e-child\" data-id=\"3ed97ed\" data-element_type=\"container\" data-e-type=\"container\">\n\t\t\t\t<div class=\"elementor-element elementor-element-4dcd5e0 elementor-widget elementor-widget-heading\" data-id=\"4dcd5e0\" data-element_type=\"widget\" data-e-type=\"widget\" data-widget_type=\"heading.default\">\n\t\t\t\t<div class=\"elementor-widget-container\">\n\t\t\t\t\t<h3 class=\"elementor-heading-title elementor-size-default\">Plage du Capitello<\/h3>\t\t\t\t<\/div>\n\t\t\t\t<\/div>\n\t\t\t\t<div class=\"elementor-element elementor-element-88f635f elementor-widget elementor-widget-image\" data-id=\"88f635f\" data-element_type=\"widget\" data-e-type=\"widget\" data-widget_type=\"image.default\">\n\t\t\t\t<div class=\"elementor-widget-container\">\n\t\t\t\t\t\t\t\t\t\t\t\t<figure class=\"wp-caption\">\n\t\t\t\t\t\t\t\t\t\t\t<a href=\"https:\/\/www.vistamare.fr\/en\/plage-du-capitello\/\">\n\t\t\t\t\t\t\t<img decoding=\"async\" width=\"768\" height=\"512\" src=\"https:\/\/www.vistamare.fr\/wp-content\/uploads\/2019\/09\/IMG_4327-768x512.jpg\" class=\"attachment-medium_large size-medium_large wp-image-356\" alt=\"\" srcset=\"https:\/\/www.vistamare.fr\/wp-content\/uploads\/2019\/09\/IMG_4327-768x512.jpg 768w, https:\/\/www.vistamare.fr\/wp-content\/uploads\/2019\/09\/IMG_4327-300x200.jpg 300w, https:\/\/www.vistamare.fr\/wp-content\/uploads\/2019\/09\/IMG_4327-1024x683.jpg 1024w, https:\/\/www.vistamare.fr\/wp-content\/uploads\/2019\/09\/IMG_4327-100x67.jpg 100w, https:\/\/www.vistamare.fr\/wp-content\/uploads\/2019\/09\/IMG_4327-150x100.jpg 150w, https:\/\/www.vistamare.fr\/wp-content\/uploads\/2019\/09\/IMG_4327-200x133.jpg 200w, https:\/\/www.vistamare.fr\/wp-content\/uploads\/2019\/09\/IMG_4327-450x300.jpg 450w, https:\/\/www.vistamare.fr\/wp-content\/uploads\/2019\/09\/IMG_4327-600x400.jpg 600w, https:\/\/www.vistamare.fr\/wp-content\/uploads\/2019\/09\/IMG_4327-900x600.jpg 900w, https:\/\/www.vistamare.fr\/wp-content\/uploads\/2019\/09\/IMG_4327.jpg 1980w\" sizes=\"(max-width: 768px) 100vw, 768px\" \/>\t\t\t\t\t\t\t\t<\/a>\n\t\t\t\t\t\t\t\t\t\t\t<figcaption class=\"widget-image-caption wp-caption-text\">Porticcio<\/figcaption>\n\t\t\t\t\t\t\t\t\t\t<\/figure>\n\t\t\t\t\t\t\t\t\t<\/div>\n\t\t\t\t<\/div>\n\t\t\t\t<\/div>\n\t\t<div class=\"elementor-element elementor-element-bf4cc4b e-con-full e-flex e-con e-child\" data-id=\"bf4cc4b\" data-element_type=\"container\" data-e-type=\"container\">\n\t\t\t\t<div class=\"elementor-element elementor-element-63bea42 elementor-widget elementor-widget-heading\" data-id=\"63bea42\" data-element_type=\"widget\" data-e-type=\"widget\" data-widget_type=\"heading.default\">\n\t\t\t\t<div class=\"elementor-widget-container\">\n\t\t\t\t\t<h3 class=\"elementor-heading-title elementor-size-default\">Plage d'Agosta<\/h3>\t\t\t\t<\/div>\n\t\t\t\t<\/div>\n\t\t\t\t<div class=\"elementor-element elementor-element-7b4542f elementor-widget elementor-widget-image\" data-id=\"7b4542f\" data-element_type=\"widget\" data-e-type=\"widget\" data-widget_type=\"image.default\">\n\t\t\t\t<div class=\"elementor-widget-container\">\n\t\t\t\t\t\t\t\t\t\t\t\t\t\t\t\t<a href=\"https:\/\/www.vistamare.fr\/en\/plage-dagosta\/\">\n\t\t\t\t\t\t\t<img decoding=\"async\" width=\"768\" height=\"576\" src=\"https:\/\/www.vistamare.fr\/wp-content\/uploads\/2026\/02\/Coucher-de-soleil-Agosta-768x576.jpeg\" class=\"attachment-medium_large size-medium_large wp-image-1826\" alt=\"\" srcset=\"https:\/\/www.vistamare.fr\/wp-content\/uploads\/2026\/02\/Coucher-de-soleil-Agosta-768x576.jpeg 768w, https:\/\/www.vistamare.fr\/wp-content\/uploads\/2026\/02\/Coucher-de-soleil-Agosta-300x225.jpeg 300w, https:\/\/www.vistamare.fr\/wp-content\/uploads\/2026\/02\/Coucher-de-soleil-Agosta-1024x768.jpeg 1024w, https:\/\/www.vistamare.fr\/wp-content\/uploads\/2026\/02\/Coucher-de-soleil-Agosta-1536x1152.jpeg 1536w, https:\/\/www.vistamare.fr\/wp-content\/uploads\/2026\/02\/Coucher-de-soleil-Agosta.jpeg 2000w\" sizes=\"(max-width: 768px) 100vw, 768px\" \/>\t\t\t\t\t\t\t\t<\/a>\n\t\t\t\t\t\t\t\t\t\t\t\t\t\t\t<\/div>\n\t\t\t\t<\/div>\n\t\t\t\t<\/div>\n\t\t<div class=\"elementor-element elementor-element-cbe9856 e-con-full e-flex e-con e-child\" data-id=\"cbe9856\" data-element_type=\"container\" data-e-type=\"container\">\n\t\t\t\t<div class=\"elementor-element elementor-element-eaedb0a elementor-widget elementor-widget-heading\" data-id=\"eaedb0a\" data-element_type=\"widget\" data-e-type=\"widget\" data-widget_type=\"heading.default\">\n\t\t\t\t<div class=\"elementor-widget-container\">\n\t\t\t\t\t<h3 class=\"elementor-heading-title elementor-size-default\">Plage d'Isolella<\/h3>\t\t\t\t<\/div>\n\t\t\t\t<\/div>\n\t\t\t\t<div class=\"elementor-element elementor-element-e60ee41 elementor-widget elementor-widget-image\" data-id=\"e60ee41\" data-element_type=\"widget\" data-e-type=\"widget\" data-widget_type=\"image.default\">\n\t\t\t\t<div class=\"elementor-widget-container\">\n\t\t\t\t\t\t\t\t\t\t\t\t\t\t\t\t<a href=\"https:\/\/www.vistamare.fr\/en\/plages-disolella\/\">\n\t\t\t\t\t\t\t<img loading=\"lazy\" decoding=\"async\" width=\"768\" height=\"576\" src=\"https:\/\/www.vistamare.fr\/wp-content\/uploads\/2026\/02\/20220616_165356-768x576.jpg\" class=\"attachment-medium_large size-medium_large wp-image-1825\" alt=\"\" srcset=\"https:\/\/www.vistamare.fr\/wp-content\/uploads\/2026\/02\/20220616_165356-768x576.jpg 768w, https:\/\/www.vistamare.fr\/wp-content\/uploads\/2026\/02\/20220616_165356-300x225.jpg 300w, https:\/\/www.vistamare.fr\/wp-content\/uploads\/2026\/02\/20220616_165356-1024x768.jpg 1024w, https:\/\/www.vistamare.fr\/wp-content\/uploads\/2026\/02\/20220616_165356-1536x1152.jpg 1536w, https:\/\/www.vistamare.fr\/wp-content\/uploads\/2026\/02\/20220616_165356-2048x1536.jpg 2048w\" sizes=\"(max-width: 768px) 100vw, 768px\" \/>\t\t\t\t\t\t\t\t<\/a>\n\t\t\t\t\t\t\t\t\t\t\t\t\t\t\t<\/div>\n\t\t\t\t<\/div>\n\t\t\t\t<\/div>\n\t\t<div class=\"elementor-element elementor-element-4a17281 e-con-full e-flex e-con e-child\" data-id=\"4a17281\" data-element_type=\"container\" data-e-type=\"container\">\n\t\t\t\t<div class=\"elementor-element elementor-element-1d7f016 elementor-widget elementor-widget-heading\" data-id=\"1d7f016\" data-element_type=\"widget\" data-e-type=\"widget\" data-widget_type=\"heading.default\">\n\t\t\t\t<div class=\"elementor-widget-container\">\n\t\t\t\t\t<h3 class=\"elementor-heading-title elementor-size-default\">Plage du Rupione<\/h3>\t\t\t\t<\/div>\n\t\t\t\t<\/div>\n\t\t\t\t<div class=\"elementor-element elementor-element-5fa14d5 elementor-widget elementor-widget-image\" data-id=\"5fa14d5\" data-element_type=\"widget\" data-e-type=\"widget\" data-widget_type=\"image.default\">\n\t\t\t\t<div class=\"elementor-widget-container\">\n\t\t\t\t\t\t\t\t\t\t\t\t\t\t\t<img decoding=\"async\" src=\"https:\/\/www.vistamare.fr\/wp-content\/plugins\/elementor\/assets\/images\/placeholder.png\" title=\"\" alt=\"\" loading=\"lazy\" \/>\t\t\t\t\t\t\t\t\t\t\t\t\t\t\t<\/div>\n\t\t\t\t<\/div>\n\t\t\t\t<\/div>\n\t\t<div class=\"elementor-element elementor-element-2b811ba e-con-full e-flex e-con e-child\" data-id=\"2b811ba\" data-element_type=\"container\" data-e-type=\"container\">\n\t\t\t\t<div class=\"elementor-element elementor-element-df657eb elementor-widget elementor-widget-heading\" data-id=\"df657eb\" data-element_type=\"widget\" data-e-type=\"widget\" data-widget_type=\"heading.default\">\n\t\t\t\t<div class=\"elementor-widget-container\">\n\t\t\t\t\t<h3 class=\"elementor-heading-title elementor-size-default\">Plage d'Argent\n<\/h3>\t\t\t\t<\/div>\n\t\t\t\t<\/div>\n\t\t\t\t<div class=\"elementor-element elementor-element-7ac7400 elementor-widget elementor-widget-image\" data-id=\"7ac7400\" data-element_type=\"widget\" data-e-type=\"widget\" data-widget_type=\"image.default\">\n\t\t\t\t<div class=\"elementor-widget-container\">\n\t\t\t\t\t\t\t\t\t\t\t\t<figure class=\"wp-caption\">\n\t\t\t\t\t\t\t\t\t\t\t<a href=\"https:\/\/www.vistamare.fr\/en\/plage-dargent\/\">\n\t\t\t\t\t\t\t<img loading=\"lazy\" decoding=\"async\" width=\"768\" height=\"576\" src=\"https:\/\/www.vistamare.fr\/wp-content\/uploads\/2022\/06\/20220609_141928-768x576.jpg\" class=\"attachment-medium_large size-medium_large wp-image-738\" alt=\"\" srcset=\"https:\/\/www.vistamare.fr\/wp-content\/uploads\/2022\/06\/20220609_141928-768x576.jpg 768w, https:\/\/www.vistamare.fr\/wp-content\/uploads\/2022\/06\/20220609_141928-300x225.jpg 300w, https:\/\/www.vistamare.fr\/wp-content\/uploads\/2022\/06\/20220609_141928-1024x768.jpg 1024w, https:\/\/www.vistamare.fr\/wp-content\/uploads\/2022\/06\/20220609_141928-1536x1152.jpg 1536w, https:\/\/www.vistamare.fr\/wp-content\/uploads\/2022\/06\/20220609_141928-2048x1536.jpg 2048w\" sizes=\"(max-width: 768px) 100vw, 768px\" \/>\t\t\t\t\t\t\t\t<\/a>\n\t\t\t\t\t\t\t\t\t\t\t<figcaption class=\"widget-image-caption wp-caption-text\">Mare E Sole<\/figcaption>\n\t\t\t\t\t\t\t\t\t\t<\/figure>\n\t\t\t\t\t\t\t\t\t<\/div>\n\t\t\t\t<\/div>\n\t\t\t\t<\/div>\n\t\t\t\t\t<\/div>\n\t\t\t\t<\/div>\n\t\t<div class=\"elementor-element elementor-element-226e34a e-flex e-con-boxed e-con e-parent\" data-id=\"226e34a\" data-element_type=\"container\" data-e-type=\"container\">\n\t\t\t\t\t<div class=\"e-con-inner\">\n\t\t\t\t<div class=\"elementor-element elementor-element-dcc008b elementor-widget elementor-widget-image\" data-id=\"dcc008b\" data-element_type=\"widget\" data-e-type=\"widget\" data-widget_type=\"image.default\">\n\t\t\t\t<div class=\"elementor-widget-container\">\n\t\t\t\t\t\t\t\t\t\t\t\t\t\t\t\t<a href=\"https:\/\/www.plages.tv\/station-balneaire\/porticcio-20128\">\n\t\t\t\t\t\t\t<img decoding=\"async\" src=\"https:\/\/www.vistamare.fr\/wp-content\/uploads\/elementor\/thumbs\/plan-plages-porticcio-corse-qxb7reb94dklb6g5kmyll3w7pkcp37763fh6nn54eg.jpg\" title=\"plan-plages-porticcio-corse\" alt=\"plan-plages-porticcio-corse\" loading=\"lazy\" \/>\t\t\t\t\t\t\t\t<\/a>\n\t\t\t\t\t\t\t\t\t\t\t\t\t\t\t<\/div>\n\t\t\t\t<\/div>\n\t\t\t\t\t<\/div>\n\t\t\t\t<\/div>\n\t\t<div class=\"elementor-element elementor-element-d1b52da e-flex e-con-boxed e-con e-parent\" data-id=\"d1b52da\" data-element_type=\"container\" data-e-type=\"container\">\n\t\t\t\t\t<div class=\"e-con-inner\">\n\t\t\t\t<div class=\"elementor-element elementor-element-d7018a4 elementor-widget elementor-widget-image\" data-id=\"d7018a4\" data-element_type=\"widget\" data-e-type=\"widget\" data-widget_type=\"image.default\">\n\t\t\t\t<div class=\"elementor-widget-container\">\n\t\t\t\t\t\t\t\t\t\t\t\t\t\t\t\t<a href=\"https:\/\/www.plages.tv\/station-balneaire\/porticcio-20128\">\n\t\t\t\t\t\t\t<img decoding=\"async\" src=\"https:\/\/www.vistamare.fr\/wp-content\/uploads\/elementor\/thumbs\/plan-plages-porticcio-corse2-rird3eaexhwmi8212g3dextrftppkkpkscxxptcia0.jpg\" title=\"plan-plages-porticcio-corse2\" alt=\"plan-plages-porticcio-corse2\" loading=\"lazy\" \/>\t\t\t\t\t\t\t\t<\/a>\n\t\t\t\t\t\t\t\t\t\t\t\t\t\t\t<\/div>\n\t\t\t\t<\/div>\n\t\t\t\t\t<\/div>\n\t\t\t\t<\/div>\n\t\t\t\t<\/div>","protected":false},"excerpt":{"rendered":"<p>Les plages Porticcio, station baln\u00e9aire du sud de la Corse, s\u2019\u00e9tend dans le golfe d\u2019Ajaccio, sur la commune de Grosseto-Prugna. Situ\u00e9e \u00e0 18 km d\u2019Ajaccio et \u00e0 13 km de l\u2019a\u00e9roport Ajaccio Napol\u00e9on-Bonaparte, elle s\u00e9duit par sa facilit\u00e9 d\u2019acc\u00e8s et son cadre exceptionnel.Tout au long de la c\u00f4te, une succession de plages de sable fin [&hellip;]<\/p>\n","protected":false},"author":1,"featured_media":0,"parent":0,"menu_order":0,"comment_status":"closed","ping_status":"closed","template":"","meta":{"site-sidebar-layout":"default","site-content-layout":"","ast-site-content-layout":"default","site-content-style":"default","site-sidebar-style":"default","ast-global-header-display":"","ast-banner-title-visibility":"","ast-main-header-display":"","ast-hfb-above-header-display":"","ast-hfb-below-header-display":"","ast-hfb-mobile-header-display":"","site-post-title":"","ast-breadcrumbs-content":"","ast-featured-img":"","footer-sml-layout":"","ast-disable-related-posts":"","theme-transparent-header-meta":"","adv-header-id-meta":"","stick-header-meta":"","header-above-stick-meta":"","header-main-stick-meta":"","header-below-stick-meta":"","astra-migrate-meta-layouts":"default","ast-page-background-enabled":"default","ast-page-background-meta":{"desktop":{"background-color":"","background-image":"","background-repeat":"repeat","background-position":"center center","background-size":"auto","background-attachment":"scroll","background-type":"","background-media":"","overlay-type":"","overlay-color":"","overlay-opacity":"","overlay-gradient":""},"tablet":{"background-color":"","background-image":"","background-repeat":"repeat","background-position":"center center","background-size":"auto","background-attachment":"scroll","background-type":"","background-media":"","overlay-type":"","overlay-color":"","overlay-opacity":"","overlay-gradient":""},"mobile":{"background-color":"","background-image":"","background-repeat":"repeat","background-position":"center center","background-size":"auto","background-attachment":"scroll","background-type":"","background-media":"","overlay-type":"","overlay-color":"","overlay-opacity":"","overlay-gradient":""}},"ast-content-background-meta":{"desktop":{"background-color":"var(--ast-global-color-5)","background-image":"","background-repeat":"repeat","background-position":"center center","background-size":"auto","background-attachment":"scroll","background-type":"","background-media":"","overlay-type":"","overlay-color":"","overlay-opacity":"","overlay-gradient":""},"tablet":{"background-color":"var(--ast-global-color-5)","background-image":"","background-repeat":"repeat","background-position":"center center","background-size":"auto","background-attachment":"scroll","background-type":"","background-media":"","overlay-type":"","overlay-color":"","overlay-opacity":"","overlay-gradient":""},"mobile":{"background-color":"var(--ast-global-color-5)","background-image":"","background-repeat":"repeat","background-position":"center center","background-size":"auto","background-attachment":"scroll","background-type":"","background-media":"","overlay-type":"","overlay-color":"","overlay-opacity":"","overlay-gradient":""}},"footnotes":""},"class_list":["post-76","page","type-page","status-publish","hentry"],"_links":{"self":[{"href":"https:\/\/www.vistamare.fr\/en\/wp-json\/wp\/v2\/pages\/76","targetHints":{"allow":["GET"]}}],"collection":[{"href":"https:\/\/www.vistamare.fr\/en\/wp-json\/wp\/v2\/pages"}],"about":[{"href":"https:\/\/www.vistamare.fr\/en\/wp-json\/wp\/v2\/types\/page"}],"author":[{"embeddable":true,"href":"https:\/\/www.vistamare.fr\/en\/wp-json\/wp\/v2\/users\/1"}],"replies":[{"embeddable":true,"href":"https:\/\/www.vistamare.fr\/en\/wp-json\/wp\/v2\/comments?post=76"}],"version-history":[{"count":54,"href":"https:\/\/www.vistamare.fr\/en\/wp-json\/wp\/v2\/pages\/76\/revisions"}],"predecessor-version":[{"id":2180,"href":"https:\/\/www.vistamare.fr\/en\/wp-json\/wp\/v2\/pages\/76\/revisions\/2180"}],"wp:attachment":[{"href":"https:\/\/www.vistamare.fr\/en\/wp-json\/wp\/v2\/media?parent=76"}],"curies":[{"name":"wp","href":"https:\/\/api.w.org\/{rel}","templated":true}]}}