{"id":577,"date":"2020-11-23T19:56:59","date_gmt":"2020-11-23T18:56:59","guid":{"rendered":"http:\/\/www.vistamare.fr\/?page_id=577"},"modified":"2026-02-13T19:39:34","modified_gmt":"2026-02-13T18:39:34","slug":"porticcio","status":"publish","type":"page","link":"https:\/\/www.vistamare.fr\/en\/porticcio\/","title":{"rendered":"Porticcio"},"content":{"rendered":"<div data-elementor-type=\"wp-page\" data-elementor-id=\"577\" class=\"elementor elementor-577\">\n\t\t\t\t<div class=\"elementor-element elementor-element-dd8ef3a e-flex e-con-boxed e-con e-parent\" data-id=\"dd8ef3a\" data-element_type=\"container\" data-e-type=\"container\">\n\t\t\t\t\t<div class=\"e-con-inner\">\n\t\t\t\t<div class=\"elementor-element elementor-element-cd870ed elementor-widget elementor-widget-heading\" data-id=\"cd870ed\" data-element_type=\"widget\" data-e-type=\"widget\" data-widget_type=\"heading.default\">\n\t\t\t\t<div class=\"elementor-widget-container\">\n\t\t\t\t\t<h2 class=\"elementor-heading-title elementor-size-default\">Porticcio<\/h2>\t\t\t\t<\/div>\n\t\t\t\t<\/div>\n\t\t\t\t\t<\/div>\n\t\t\t\t<\/div>\n\t\t<div class=\"elementor-element elementor-element-d56818c e-flex e-con-boxed e-con e-parent\" data-id=\"d56818c\" data-element_type=\"container\" data-e-type=\"container\">\n\t\t\t\t\t<div class=\"e-con-inner\">\n\t\t\t\t<div class=\"elementor-element elementor-element-92c4de5 elementor-widget elementor-widget-text-editor\" data-id=\"92c4de5\" data-element_type=\"widget\" data-e-type=\"widget\" data-widget_type=\"text-editor.default\">\n\t\t\t\t<div class=\"elementor-widget-container\">\n\t\t\t\t\t\t\t\t\t<p style=\"text-align: justify;\"><span style=\"color: #3ca0cb;\"><span style=\"font-size: 96px;\">P<\/span>orticcio<\/span> est une station baln\u00e9aire du sud de la Corse dans le golfe d\u2019Ajaccio (commune de Grosseto-Prugna). \u00c0 18 km d\u2019Ajaccio et 13 km de l\u2019a\u00e9roport Ajaccio Napol\u00e9on Bonaparte.<\/p>\t\t\t\t\t\t\t\t<\/div>\n\t\t\t\t<\/div>\n\t\t\t\t\t<\/div>\n\t\t\t\t<\/div>\n\t\t<div class=\"elementor-element elementor-element-efd4a4f e-con-full e-flex e-con e-parent\" data-id=\"efd4a4f\" data-element_type=\"container\" data-e-type=\"container\">\n\t\t\t\t<div class=\"elementor-element elementor-element-82fab33 elementor-widget elementor-widget-image\" data-id=\"82fab33\" data-element_type=\"widget\" data-e-type=\"widget\" data-widget_type=\"image.default\">\n\t\t\t\t<div class=\"elementor-widget-container\">\n\t\t\t\t\t\t\t\t\t\t\t\t\t\t\t<img fetchpriority=\"high\" decoding=\"async\" width=\"1024\" height=\"121\" src=\"https:\/\/www.vistamare.fr\/wp-content\/uploads\/2026\/02\/Panorama-Porticcio-1024x121.jpg\" class=\"attachment-large size-large wp-image-1847\" alt=\"\" srcset=\"https:\/\/www.vistamare.fr\/wp-content\/uploads\/2026\/02\/Panorama-Porticcio-1024x121.jpg 1024w, https:\/\/www.vistamare.fr\/wp-content\/uploads\/2026\/02\/Panorama-Porticcio-300x35.jpg 300w, https:\/\/www.vistamare.fr\/wp-content\/uploads\/2026\/02\/Panorama-Porticcio-768x91.jpg 768w, https:\/\/www.vistamare.fr\/wp-content\/uploads\/2026\/02\/Panorama-Porticcio-1536x181.jpg 1536w, https:\/\/www.vistamare.fr\/wp-content\/uploads\/2026\/02\/Panorama-Porticcio-2048x241.jpg 2048w\" sizes=\"(max-width: 1024px) 100vw, 1024px\" \/>\t\t\t\t\t\t\t\t\t\t\t\t\t\t\t<\/div>\n\t\t\t\t<\/div>\n\t\t\t\t<\/div>\n\t\t<div class=\"elementor-element elementor-element-ad6660c e-flex e-con-boxed e-con e-parent\" data-id=\"ad6660c\" data-element_type=\"container\" data-e-type=\"container\">\n\t\t\t\t\t<div class=\"e-con-inner\">\n\t\t\t\t<div class=\"elementor-element elementor-element-e20d272 elementor-widget elementor-widget-text-editor\" data-id=\"e20d272\" data-element_type=\"widget\" data-e-type=\"widget\" data-widget_type=\"text-editor.default\">\n\t\t\t\t<div class=\"elementor-widget-container\">\n\t\t\t\t\t\t\t\t\t<p style=\"text-align: justify;\">Il fait bon y vivre toute l\u2019ann\u00e9e. En hiver, bien que plus calme, elle ne manque pas d\u2019apporter son lot quotidien d\u2019\u00e9merveillement et de plaisir. En \u00e9t\u00e9, tr\u00e8s pris\u00e9e par les touristes, elle reste n\u00e9anmoins accessible.<br \/>Sa plage aux eaux turquoise, (la plage de la Viva), offre une vue imprenable sur Ajaccio et compte parmi les plus belles plages de Corse. Notamment, lorsque vous arrivez pr\u00e8s de l\u2019<span style=\"color: #3ca0cb;\"><strong>\u00e9tang de Casavone<\/strong><\/span>, \u00e0 quelques pas de<strong> <a href=\"https:\/\/www.vistamare.fr\/en\/la-tour-genoise-du-capitello\/\" target=\"_blank\" rel=\"noopener\">la tour g\u00e9noise du Capitello<\/a><\/strong> : vous d\u00e9couvrez alors un paysage \u00e0 couper le souffle entre mer et montagnes. Cette balade, qui part de Porticcio jusqu&rsquo;\u00e0 l&rsquo;<strong><span style=\"color: #3ca0cb;\">embouchure du Prunelli<\/span><\/strong>, ne manquera pas de vous enchanter. Il ne faut pas h\u00e9siter \u00e0 la parcourir r\u00e9guli\u00e8rement car chaque jour elle offre un panorama diff\u00e9rent selon l\u2019heure et la saison. Pour ma part, j\u2019adore m\u2019y promener en fin de journ\u00e9e et m\u2019\u00e9merveiller devant les magnifiques couchers du soleil qui illuminent le ciel de Corse.<\/p>\t\t\t\t\t\t\t\t<\/div>\n\t\t\t\t<\/div>\n\t\t\t\t\t<\/div>\n\t\t\t\t<\/div>\n\t\t<div class=\"elementor-element elementor-element-b99aff1 e-flex e-con-boxed e-con e-parent\" data-id=\"b99aff1\" data-element_type=\"container\" data-e-type=\"container\">\n\t\t\t\t\t<div class=\"e-con-inner\">\n\t\t\t\t<div class=\"elementor-element elementor-element-024da9e elementor-widget elementor-widget-image\" data-id=\"024da9e\" data-element_type=\"widget\" data-e-type=\"widget\" data-widget_type=\"image.default\">\n\t\t\t\t<div class=\"elementor-widget-container\">\n\t\t\t\t\t\t\t\t\t\t\t\t\t\t\t<img decoding=\"async\" width=\"1024\" height=\"313\" src=\"https:\/\/www.vistamare.fr\/wp-content\/uploads\/2020\/11\/IMG_5257-Panorama2-1024x313.jpg\" class=\"attachment-large size-large wp-image-586\" alt=\"\" srcset=\"https:\/\/www.vistamare.fr\/wp-content\/uploads\/2020\/11\/IMG_5257-Panorama2-1024x313.jpg 1024w, https:\/\/www.vistamare.fr\/wp-content\/uploads\/2020\/11\/IMG_5257-Panorama2-300x92.jpg 300w, https:\/\/www.vistamare.fr\/wp-content\/uploads\/2020\/11\/IMG_5257-Panorama2-768x235.jpg 768w, https:\/\/www.vistamare.fr\/wp-content\/uploads\/2020\/11\/IMG_5257-Panorama2-1536x469.jpg 1536w, https:\/\/www.vistamare.fr\/wp-content\/uploads\/2020\/11\/IMG_5257-Panorama2-2048x626.jpg 2048w\" sizes=\"(max-width: 1024px) 100vw, 1024px\" \/>\t\t\t\t\t\t\t\t\t\t\t\t\t\t\t<\/div>\n\t\t\t\t<\/div>\n\t\t\t\t<div class=\"elementor-element elementor-element-9016a78 elementor-widget elementor-widget-image\" data-id=\"9016a78\" data-element_type=\"widget\" data-e-type=\"widget\" data-widget_type=\"image.default\">\n\t\t\t\t<div class=\"elementor-widget-container\">\n\t\t\t\t\t\t\t\t\t\t\t\t\t\t\t<img decoding=\"async\" width=\"1024\" height=\"270\" src=\"https:\/\/www.vistamare.fr\/wp-content\/uploads\/2019\/08\/Panorama_dec2018-1-1024x270.jpg\" class=\"attachment-large size-large wp-image-250\" alt=\"\" srcset=\"https:\/\/www.vistamare.fr\/wp-content\/uploads\/2019\/08\/Panorama_dec2018-1-1024x270.jpg 1024w, https:\/\/www.vistamare.fr\/wp-content\/uploads\/2019\/08\/Panorama_dec2018-1-300x79.jpg 300w, https:\/\/www.vistamare.fr\/wp-content\/uploads\/2019\/08\/Panorama_dec2018-1-768x202.jpg 768w, https:\/\/www.vistamare.fr\/wp-content\/uploads\/2019\/08\/Panorama_dec2018-1-100x26.jpg 100w, https:\/\/www.vistamare.fr\/wp-content\/uploads\/2019\/08\/Panorama_dec2018-1-150x40.jpg 150w, https:\/\/www.vistamare.fr\/wp-content\/uploads\/2019\/08\/Panorama_dec2018-1-200x53.jpg 200w, https:\/\/www.vistamare.fr\/wp-content\/uploads\/2019\/08\/Panorama_dec2018-1-450x119.jpg 450w, https:\/\/www.vistamare.fr\/wp-content\/uploads\/2019\/08\/Panorama_dec2018-1-600x158.jpg 600w, https:\/\/www.vistamare.fr\/wp-content\/uploads\/2019\/08\/Panorama_dec2018-1-900x237.jpg 900w\" sizes=\"(max-width: 1024px) 100vw, 1024px\" \/>\t\t\t\t\t\t\t\t\t\t\t\t\t\t\t<\/div>\n\t\t\t\t<\/div>\n\t\t\t\t\t<\/div>\n\t\t\t\t<\/div>\n\t\t<div class=\"elementor-element elementor-element-c6e58e7 e-flex e-con-boxed e-con e-parent\" data-id=\"c6e58e7\" data-element_type=\"container\" data-e-type=\"container\">\n\t\t\t\t\t<div class=\"e-con-inner\">\n\t\t\t\t<div class=\"elementor-element elementor-element-66a2737 elementor-widget elementor-widget-text-editor\" data-id=\"66a2737\" data-element_type=\"widget\" data-e-type=\"widget\" data-widget_type=\"text-editor.default\">\n\t\t\t\t<div class=\"elementor-widget-container\">\n\t\t\t\t\t\t\t\t\t<p style=\"text-align: justify;\">Apr\u00e8s une longue marche sur la plage, quoi de mieux que de prendre un verre en terrasse les pieds dans l&rsquo;eau. Vous appr\u00e9cierez \u00ab\u2009Le Club\u2009\u00bb avec sa terrasse en front de mer, proposant un service de snacking ou restaurant. Et si vous pr\u00e9f\u00e9rez rester chez vous, pourquoi ne pas d\u00e9guster un d\u00e9licieux hamburger \u00e0 emporter ou livraison avec le \u00ab\u2009Burger Bar\u2009\u00bb.<br \/><span style=\"font-size: 16px;\">L\u2019un des atouts majeurs de Porticcio est que vous trouvez tout sur place. Du salon d\u2019esth\u00e9tique, coiffeur, parfumerie, en passant par le primeur, fleuriste, caviste, mais aussi des boulangeries, boucheries, poissonnerie\u2026 Tous les commerces de proximit\u00e9s n\u00e9cessaires au bon d\u00e9roulement de votre s\u00e9jour. <br \/>Cette ville \u00e0 taille humaine poss\u00e8de toutes les qualit\u00e9s pour vous s\u00e9duire, notamment gr\u00e2ce \u00e0 ses nombreuses activit\u00e9s sportives : centre nautique, \u00e9quitation, plong\u00e9e, sans oublier les diverses excursions propos\u00e9es, comme <a href=\"https:\/\/www.vistamare.fr\/en\/les-sanguinaires\/\" target=\"_blank\" rel=\"noopener\"><strong><span style=\"color: #3ca0cb;\">les \u00eeles Sanguinaires<\/span><\/strong><\/a> ou <strong><span style=\"color: #3ca0cb;\">les calanques de Piana<\/span><\/strong>. En saison estivale, Porticcio offre \u00e9galement une ambiance conviviale et anim\u00e9e en soir\u00e9e.\u00a0Et tout cela \u00e0 seulement 10 min de l\u2019a\u00e9roport Napol\u00e9on Bonaparte.<\/span><\/p>\n<p style=\"text-align: justify;\">Et si l\u2019envie vous prend de faire un tour \u00e0 <span style=\"color: #3ca0cb;\"><strong>Ajaccio<\/strong><\/span>, capitale r\u00e9gionale de la Corse, il vous suffira d\u2019emprunter la navette maritime qui vous y emm\u00e8nera en quinze minutes. Durant la travers\u00e9e, vous serez subjugu\u00e9s par le d\u00e9cor majestueux des montagnes et la nature verdoyante, qui font de Porticcio une destination id\u00e9ale pour se ressourcer.<\/p>\t\t\t\t\t\t\t\t<\/div>\n\t\t\t\t<\/div>\n\t\t\t\t\t<\/div>\n\t\t\t\t<\/div>\n\t\t<div class=\"elementor-element elementor-element-85a88b5 e-flex e-con-boxed e-con e-parent\" data-id=\"85a88b5\" data-element_type=\"container\" data-e-type=\"container\">\n\t\t\t\t\t<div class=\"e-con-inner\">\n\t\t\t\t<div class=\"elementor-element elementor-element-ca448e1 elementor-widget elementor-widget-image\" data-id=\"ca448e1\" data-element_type=\"widget\" data-e-type=\"widget\" data-widget_type=\"image.default\">\n\t\t\t\t<div class=\"elementor-widget-container\">\n\t\t\t\t\t\t\t\t\t\t\t\t\t\t\t<img loading=\"lazy\" decoding=\"async\" width=\"1024\" height=\"313\" src=\"https:\/\/www.vistamare.fr\/wp-content\/uploads\/2026\/02\/Panorama-Ajaccio-1024x313.jpg\" class=\"attachment-large size-large wp-image-1845\" alt=\"\" srcset=\"https:\/\/www.vistamare.fr\/wp-content\/uploads\/2026\/02\/Panorama-Ajaccio-1024x313.jpg 1024w, https:\/\/www.vistamare.fr\/wp-content\/uploads\/2026\/02\/Panorama-Ajaccio-300x92.jpg 300w, https:\/\/www.vistamare.fr\/wp-content\/uploads\/2026\/02\/Panorama-Ajaccio-768x235.jpg 768w, https:\/\/www.vistamare.fr\/wp-content\/uploads\/2026\/02\/Panorama-Ajaccio-1536x469.jpg 1536w, https:\/\/www.vistamare.fr\/wp-content\/uploads\/2026\/02\/Panorama-Ajaccio-2048x626.jpg 2048w\" sizes=\"(max-width: 1024px) 100vw, 1024px\" \/>\t\t\t\t\t\t\t\t\t\t\t\t\t\t\t<\/div>\n\t\t\t\t<\/div>\n\t\t\t\t\t<\/div>\n\t\t\t\t<\/div>\n\t\t<div class=\"elementor-element elementor-element-0344bb5 e-flex e-con-boxed e-con e-parent\" data-id=\"0344bb5\" data-element_type=\"container\" data-e-type=\"container\">\n\t\t\t\t\t<div class=\"e-con-inner\">\n\t\t\t\t<div class=\"elementor-element elementor-element-cc295fa elementor-widget elementor-widget-text-editor\" data-id=\"cc295fa\" data-element_type=\"widget\" data-e-type=\"widget\" data-widget_type=\"text-editor.default\">\n\t\t\t\t<div class=\"elementor-widget-container\">\n\t\t\t\t\t\t\t\t\t<p style=\"text-align: justify;\">Porticcio b\u00e9n\u00e9ficie \u00e9galement d\u2019un emplacement id\u00e9al pour d\u00e9couvrir de nombreuses plages aux ambiances vari\u00e9es. \u00c0 proximit\u00e9 imm\u00e9diate, <a href=\"https:\/\/www.vistamare.fr\/en\/plage-dagosta\/\" target=\"_blank\" rel=\"noopener\"><strong><span style=\"color: #3ca0cb;\">la plage d\u2019Agosta<\/span><\/strong> <\/a>s\u00e9duit par son sable fin et ses eaux peu profondes, id\u00e9ales pour les familles. Plus au sud, <a href=\"https:\/\/www.vistamare.fr\/en\/plage-dargent\/\" target=\"_blank\" rel=\"noopener\"><strong><span style=\"color: #3ca0cb;\">la plage de Mare e Sole<\/span><\/strong>, <span style=\"color: #3ca0cb;\">surnomm\u00e9e plage d\u2019Argent<\/span><\/a>, est r\u00e9put\u00e9e pour la clart\u00e9 exceptionnelle de son eau et son cadre pr\u00e9serv\u00e9. Non loin de l\u00e0, <a href=\"https:\/\/www.vistamare.fr\/en\/plages-disolella\/\" target=\"_blank\" rel=\"noopener\"><strong><span style=\"color: #3ca0cb;\">la plage d\u2019Isolella<\/span><\/strong><\/a> offre un d\u00e9cor authentique et sauvage, avec sa presqu\u2019\u00eele, ses rochers et ses petites criques aux eaux cristallines, parfaites pour la baignade et le snorkeling. Les amateurs de tranquillit\u00e9 appr\u00e9cieront \u00e9galement les criques plus discr\u00e8tes, accessibles \u00e0 pied ou en bateau, qui offrent des coins intimistes loin de l\u2019agitation estivale. Que vous recherchiez une plage anim\u00e9e, familiale ou plus secr\u00e8te, les environs de Porticcio proposent une diversit\u00e9 de paysages baln\u00e9aires capable de combler toutes les envies.<\/p>\t\t\t\t\t\t\t\t<\/div>\n\t\t\t\t<\/div>\n\t\t\t\t\t<\/div>\n\t\t\t\t<\/div>\n\t\t<div class=\"elementor-element elementor-element-c97b88b e-flex e-con-boxed e-con e-parent\" data-id=\"c97b88b\" data-element_type=\"container\" data-e-type=\"container\">\n\t\t\t\t\t<div class=\"e-con-inner\">\n\t\t<div class=\"elementor-element elementor-element-602727c e-con-full e-flex e-con e-child\" data-id=\"602727c\" data-element_type=\"container\" data-e-type=\"container\">\n\t\t\t\t<div class=\"elementor-element elementor-element-d981794 elementor-widget__width-initial elementor-widget elementor-widget-text-editor\" data-id=\"d981794\" data-element_type=\"widget\" data-e-type=\"widget\" data-widget_type=\"text-editor.default\">\n\t\t\t\t<div class=\"elementor-widget-container\">\n\t\t\t\t\t\t\t\t\t<p>Pour plus d&rsquo;informations sur les plages alentours.<\/p>\t\t\t\t\t\t\t\t<\/div>\n\t\t\t\t<\/div>\n\t\t\t\t<\/div>\n\t\t<div class=\"elementor-element elementor-element-d5c8800 e-con-full e-flex e-con e-child\" data-id=\"d5c8800\" data-element_type=\"container\" data-e-type=\"container\">\n\t\t\t\t<div class=\"elementor-element elementor-element-5a62dd6 elementor-widget elementor-widget-button\" data-id=\"5a62dd6\" data-element_type=\"widget\" data-e-type=\"widget\" data-widget_type=\"button.default\">\n\t\t\t\t<div class=\"elementor-widget-container\">\n\t\t\t\t\t\t\t\t\t<div class=\"elementor-button-wrapper\">\n\t\t\t\t\t<a class=\"elementor-button elementor-button-link elementor-size-sm\" href=\"https:\/\/www.vistamare.fr\/en\/plages\/\">\n\t\t\t\t\t\t<span class=\"elementor-button-content-wrapper\">\n\t\t\t\t\t\t\t\t\t<span class=\"elementor-button-text\">Cliquez ici<\/span>\n\t\t\t\t\t<\/span>\n\t\t\t\t\t<\/a>\n\t\t\t\t<\/div>\n\t\t\t\t\t\t\t\t<\/div>\n\t\t\t\t<\/div>\n\t\t\t\t<\/div>\n\t\t\t\t\t<\/div>\n\t\t\t\t<\/div>\n\t\t<div class=\"elementor-element elementor-element-5557523 e-flex e-con-boxed e-con e-parent\" data-id=\"5557523\" data-element_type=\"container\" data-e-type=\"container\" data-settings=\"{&quot;shape_divider_top&quot;:&quot;opacity-tilt&quot;}\">\n\t\t\t\t\t<div class=\"e-con-inner\">\n\t\t\t\t<div class=\"elementor-shape elementor-shape-top\" aria-hidden=\"true\" data-negative=\"false\">\n\t\t\t<svg xmlns=\"http:\/\/www.w3.org\/2000\/svg\" viewbox=\"0 0 2600 131.1\" preserveaspectratio=\"none\">\n\t<path class=\"elementor-shape-fill\" d=\"M0 0L2600 0 2600 69.1 0 0z\"\/>\n\t<path class=\"elementor-shape-fill\" style=\"opacity:0.5\" d=\"M0 0L2600 0 2600 69.1 0 69.1z\"\/>\n\t<path class=\"elementor-shape-fill\" style=\"opacity:0.25\" d=\"M2600 0L0 0 0 130.1 2600 69.1z\"\/>\n<\/svg>\t\t<\/div>\n\t\t<div class=\"elementor-element elementor-element-c59effc e-con-full e-flex e-con e-child\" data-id=\"c59effc\" data-element_type=\"container\" data-e-type=\"container\">\n\t\t<div class=\"elementor-element elementor-element-2cccc11 e-con-full e-flex e-con e-child\" data-id=\"2cccc11\" data-element_type=\"container\" data-e-type=\"container\">\n\t\t\t\t<div class=\"elementor-element elementor-element-e41044f elementor-widget elementor-widget-text-editor\" data-id=\"e41044f\" data-element_type=\"widget\" data-e-type=\"widget\" data-widget_type=\"text-editor.default\">\n\t\t\t\t<div class=\"elementor-widget-container\">\n\t\t\t\t\t\t\t\t\t<p style=\"text-align: justify;\"><span style=\"color: #585858;\"><strong>Pour plus de photos, d&rsquo;actualit\u00e9s et d&rsquo;informations, n&rsquo;h\u00e9sitez pas \u00e0 consulter ma page Facebook et Instagram.<\/strong><\/span><\/p>\t\t\t\t\t\t\t\t<\/div>\n\t\t\t\t<\/div>\n\t\t\t\t<\/div>\n\t\t<div class=\"elementor-element elementor-element-6378db3 e-con-full e-flex e-con e-child\" data-id=\"6378db3\" data-element_type=\"container\" data-e-type=\"container\">\n\t\t\t\t<div class=\"elementor-element elementor-element-f327baa elementor-shape-rounded elementor-grid-0 e-grid-align-center elementor-widget elementor-widget-social-icons\" data-id=\"f327baa\" data-element_type=\"widget\" data-e-type=\"widget\" data-widget_type=\"social-icons.default\">\n\t\t\t\t<div class=\"elementor-widget-container\">\n\t\t\t\t\t\t\t<div class=\"elementor-social-icons-wrapper elementor-grid\" role=\"list\">\n\t\t\t\t\t\t\t<span class=\"elementor-grid-item\" role=\"listitem\">\n\t\t\t\t\t<a class=\"elementor-icon elementor-social-icon elementor-social-icon-facebook elementor-repeater-item-efad72e\" href=\"https:\/\/www.facebook.com\/vistamare.fr\" target=\"_blank\">\n\t\t\t\t\t\t<span class=\"elementor-screen-only\">Facebook<\/span>\n\t\t\t\t\t\t<i aria-hidden=\"true\" class=\"fab fa-facebook\"><\/i>\t\t\t\t\t<\/a>\n\t\t\t\t<\/span>\n\t\t\t\t\t\t\t<span class=\"elementor-grid-item\" role=\"listitem\">\n\t\t\t\t\t<a class=\"elementor-icon elementor-social-icon elementor-social-icon-instagram elementor-repeater-item-93d35b3\" href=\"https:\/\/www.instagram.com\/villavistamarecorsica\" target=\"_blank\">\n\t\t\t\t\t\t<span class=\"elementor-screen-only\">Instagram<\/span>\n\t\t\t\t\t\t<i aria-hidden=\"true\" class=\"fab fa-instagram\"><\/i>\t\t\t\t\t<\/a>\n\t\t\t\t<\/span>\n\t\t\t\t\t<\/div>\n\t\t\t\t\t\t<\/div>\n\t\t\t\t<\/div>\n\t\t\t\t<\/div>\n\t\t\t\t<\/div>\n\t\t\t\t\t<\/div>\n\t\t\t\t<\/div>\n\t\t\t\t<\/div>","protected":false},"excerpt":{"rendered":"<p>Porticcio Porticcio est une station baln\u00e9aire du sud de la Corse dans le golfe d\u2019Ajaccio (commune de Grosseto-Prugna). \u00c0 18 km d\u2019Ajaccio et 13 km de l\u2019a\u00e9roport Ajaccio Napol\u00e9on Bonaparte. Il fait bon y vivre toute l\u2019ann\u00e9e. En hiver, bien que plus calme, elle ne manque pas d\u2019apporter son lot quotidien d\u2019\u00e9merveillement et de plaisir. [&hellip;]<\/p>\n","protected":false},"author":1,"featured_media":0,"parent":0,"menu_order":0,"comment_status":"closed","ping_status":"closed","template":"","meta":{"site-sidebar-layout":"default","site-content-layout":"","ast-site-content-layout":"default","site-content-style":"default","site-sidebar-style":"default","ast-global-header-display":"","ast-banner-title-visibility":"","ast-main-header-display":"","ast-hfb-above-header-display":"","ast-hfb-below-header-display":"","ast-hfb-mobile-header-display":"","site-post-title":"","ast-breadcrumbs-content":"","ast-featured-img":"","footer-sml-layout":"","ast-disable-related-posts":"","theme-transparent-header-meta":"","adv-header-id-meta":"","stick-header-meta":"","header-above-stick-meta":"","header-main-stick-meta":"","header-below-stick-meta":"","astra-migrate-meta-layouts":"default","ast-page-background-enabled":"default","ast-page-background-meta":{"desktop":{"background-color":"","background-image":"","background-repeat":"repeat","background-position":"center center","background-size":"auto","background-attachment":"scroll","background-type":"","background-media":"","overlay-type":"","overlay-color":"","overlay-opacity":"","overlay-gradient":""},"tablet":{"background-color":"","background-image":"","background-repeat":"repeat","background-position":"center center","background-size":"auto","background-attachment":"scroll","background-type":"","background-media":"","overlay-type":"","overlay-color":"","overlay-opacity":"","overlay-gradient":""},"mobile":{"background-color":"","background-image":"","background-repeat":"repeat","background-position":"center center","background-size":"auto","background-attachment":"scroll","background-type":"","background-media":"","overlay-type":"","overlay-color":"","overlay-opacity":"","overlay-gradient":""}},"ast-content-background-meta":{"desktop":{"background-color":"var(--ast-global-color-5)","background-image":"","background-repeat":"repeat","background-position":"center center","background-size":"auto","background-attachment":"scroll","background-type":"","background-media":"","overlay-type":"","overlay-color":"","overlay-opacity":"","overlay-gradient":""},"tablet":{"background-color":"var(--ast-global-color-5)","background-image":"","background-repeat":"repeat","background-position":"center center","background-size":"auto","background-attachment":"scroll","background-type":"","background-media":"","overlay-type":"","overlay-color":"","overlay-opacity":"","overlay-gradient":""},"mobile":{"background-color":"var(--ast-global-color-5)","background-image":"","background-repeat":"repeat","background-position":"center center","background-size":"auto","background-attachment":"scroll","background-type":"","background-media":"","overlay-type":"","overlay-color":"","overlay-opacity":"","overlay-gradient":""}},"footnotes":""},"class_list":["post-577","page","type-page","status-publish","hentry"],"_links":{"self":[{"href":"https:\/\/www.vistamare.fr\/en\/wp-json\/wp\/v2\/pages\/577","targetHints":{"allow":["GET"]}}],"collection":[{"href":"https:\/\/www.vistamare.fr\/en\/wp-json\/wp\/v2\/pages"}],"about":[{"href":"https:\/\/www.vistamare.fr\/en\/wp-json\/wp\/v2\/types\/page"}],"author":[{"embeddable":true,"href":"https:\/\/www.vistamare.fr\/en\/wp-json\/wp\/v2\/users\/1"}],"replies":[{"embeddable":true,"href":"https:\/\/www.vistamare.fr\/en\/wp-json\/wp\/v2\/comments?post=577"}],"version-history":[{"count":26,"href":"https:\/\/www.vistamare.fr\/en\/wp-json\/wp\/v2\/pages\/577\/revisions"}],"predecessor-version":[{"id":2091,"href":"https:\/\/www.vistamare.fr\/en\/wp-json\/wp\/v2\/pages\/577\/revisions\/2091"}],"wp:attachment":[{"href":"https:\/\/www.vistamare.fr\/en\/wp-json\/wp\/v2\/media?parent=577"}],"curies":[{"name":"wp","href":"https:\/\/api.w.org\/{rel}","templated":true}]}}