{"id":38,"date":"2018-09-27T00:03:01","date_gmt":"2018-09-26T22:03:01","guid":{"rendered":"http:\/\/www.vistamare.fr\/?page_id=38"},"modified":"2026-02-19T10:45:08","modified_gmt":"2026-02-19T09:45:08","slug":"tarifs","status":"publish","type":"page","link":"https:\/\/www.vistamare.fr\/en\/tarifs\/","title":{"rendered":"Rates"},"content":{"rendered":"<div data-elementor-type=\"wp-page\" data-elementor-id=\"38\" class=\"elementor elementor-38\">\n\t\t\t\t<div class=\"elementor-element elementor-element-2a27852 e-flex e-con-boxed e-con e-parent\" data-id=\"2a27852\" data-element_type=\"container\" data-e-type=\"container\">\n\t\t\t\t\t<div class=\"e-con-inner\">\n\t\t\t\t<div class=\"elementor-element elementor-element-f589dbd elementor-widget elementor-widget-heading\" data-id=\"f589dbd\" data-element_type=\"widget\" data-e-type=\"widget\" data-widget_type=\"heading.default\">\n\t\t\t\t<div class=\"elementor-widget-container\">\n\t\t\t\t\t<h2 class=\"elementor-heading-title elementor-size-default\">Prices<\/h2>\t\t\t\t<\/div>\n\t\t\t\t<\/div>\n\t\t\t\t\t<\/div>\n\t\t\t\t<\/div>\n\t\t<div class=\"elementor-element elementor-element-1c332c56 e-con-full e-flex e-con e-parent\" data-id=\"1c332c56\" data-element_type=\"container\" data-e-type=\"container\">\n\t\t\t\t<div class=\"elementor-element elementor-element-6d4f22c elementor-widget elementor-widget-text-editor\" data-id=\"6d4f22c\" data-element_type=\"widget\" data-e-type=\"widget\" data-widget_type=\"text-editor.default\">\n\t\t\t\t<div class=\"elementor-widget-container\">\n\t\t\t\t\t\t\t\t\t<p><strong>Prices may vary depending on the chosen period.<\/strong><br \/><strong>From \u20ac110\/night.<\/strong><\/p><p>For any information or pricing requests.<\/p>\t\t\t\t\t\t\t\t<\/div>\n\t\t\t\t<\/div>\n\t\t\t\t<div class=\"elementor-element elementor-element-c930a3e elementor-align-center elementor-tablet-align-center elementor-mobile-align-center elementor-widget elementor-widget-button\" data-id=\"c930a3e\" data-element_type=\"widget\" data-e-type=\"widget\" data-widget_type=\"button.default\">\n\t\t\t\t<div class=\"elementor-widget-container\">\n\t\t\t\t\t\t\t\t\t<div class=\"elementor-button-wrapper\">\n\t\t\t\t\t<a class=\"elementor-button elementor-button-link elementor-size-sm\" href=\"https:\/\/www.vistamare.fr\/en\/contact\/\">\n\t\t\t\t\t\t<span class=\"elementor-button-content-wrapper\">\n\t\t\t\t\t\t\t\t\t<span class=\"elementor-button-text\">Enquire here<\/span>\n\t\t\t\t\t<\/span>\n\t\t\t\t\t<\/a>\n\t\t\t\t<\/div>\n\t\t\t\t\t\t\t\t<\/div>\n\t\t\t\t<\/div>\n\t\t\t\t<div class=\"elementor-element elementor-element-1bd07b49 elementor-widget elementor-widget-text-editor\" data-id=\"1bd07b49\" data-element_type=\"widget\" data-e-type=\"widget\" data-widget_type=\"text-editor.default\">\n\t\t\t\t<div class=\"elementor-widget-container\">\n\t\t\t\t\t\t\t\t\t<p style=\"text-align: justify;\"><span style=\"text-decoration: underline; color: #3ca0cb;\">Availability <\/span>:<\/p><p style=\"text-align: justify;\"><strong>Possibility to rent the house all year round nights*\/week\/month.<\/strong><\/p><ul><li style=\"text-align: justify;\"><strong>July and August<\/strong> : A stay of a minimum of 14 nights, unless there is availability between two dates, in which case a minimum of 7 nights.<br \/><strong>No specific arrival or departure date.<\/strong><\/li><li style=\"text-align: justify;\">The rest of the year: hire of <span style=\"color: #3ca0cb;\">3 nights minimum<\/span>.<\/li><li style=\"text-align: justify;\">From 1 October to 31 March: \u20ac1800\/month, charges included (excluding rent only for school holidays)<\/li><\/ul><p style=\"text-align: justify;\"><span style=\"text-decoration: underline; color: #3ca0cb;\">Price for summer season 2026 (<\/span><span style=\"color: #3ca0cb;\">(Excluding tourist tax and end-of-stay cleaning)<\/span><\/p><table style=\"border-collapse: collapse; width: 100%;\"><tbody><tr><td style=\"width: 100%;\" colspan=\"3\"><span style=\"color: #3ca0cb;\">July 2026<\/span><\/td><\/tr><tr><td style=\"width: 38.9138%;\">From 28 June to 10 inclusive<\/td><td style=\"width: 21.9169%;\">\u20ac250 per night<\/td><td style=\"width: 39.1693%;\">AVAILABLE<\/td><\/tr><tr><td style=\"width: 38.9138%;\">From the 11th to the 31st inclusive<\/td><td style=\"width: 21.9169%;\">315\u20ac per night<\/td><td style=\"width: 39.1693%;\">Unavailable<\/td><\/tr><tr><td style=\"width: 38.9138%;\">\u00a0<\/td><td style=\"width: 21.9169%;\">\u00a0<\/td><td style=\"width: 39.1693%;\">\u00a0<\/td><\/tr><tr><td style=\"width: 100%;\" colspan=\"3\"><span style=\"color: #3ca0cb;\">August 2026<\/span><\/td><\/tr><tr><td style=\"width: 38.9138%;\">1 to 14<\/td><td style=\"width: 21.9169%;\">\u00a3335 per night<\/td><td style=\"width: 39.1693%;\">AVAILABLE<\/td><\/tr><tr><td style=\"width: 38.9138%;\">From the 15th to the 21st<\/td><td style=\"width: 21.9169%;\">315\u20ac per night<\/td><td style=\"width: 39.1693%;\">AVAILABLE<\/td><\/tr><tr><td style=\"width: 38.9138%;\">From 22 to 29<\/td><td style=\"width: 21.9169%;\">\u00a3275\/night<\/td><td style=\"width: 39.1693%;\">AVAILABLE<\/td><\/tr><\/tbody><\/table><p style=\"text-align: justify;\"><strong>Included in the rental price:<\/strong><\/p><ul><li style=\"text-align: justify;\">Bed linen<\/li><li style=\"text-align: justify;\">Bath linen<\/li><li style=\"text-align: justify;\">Wi-Fi internet connection<\/li><li style=\"text-align: justify;\">Air conditioning\/heating (season dependent)<\/li><li style=\"text-align: justify;\">Water and electricity (based on reasonable consumption)<\/li><li style=\"text-align: justify;\">Parking 2 spaces<\/li><li style=\"text-align: justify;\">Travel cot and baby high chair available if needed at no extra cost<\/li><\/ul><p style=\"text-align: justify;\">You can see the full inventory of the household equipment: <span style=\"text-decoration: underline; color: #3ca0cb;\"><a style=\"color: #3ca0cb; text-decoration: underline;\" href=\"https:\/\/www.vistamare.fr\/Inventaire.pdf\" target=\"_blank\" rel=\"noopener\">here<\/a><\/span><\/p><p style=\"text-align: justify;\"><span style=\"text-decoration: underline; color: #3ca0cb;\">Tourist tax <\/span>:<\/p><p style=\"text-align: justify;\">The tourist tax is 1.65% per adult per night.<\/p><p style=\"text-align: justify;\"><span style=\"text-decoration: underline; color: #3ca0cb;\">End-of-stay cleaning <\/span>:<\/p><p style=\"text-align: justify;\">70\u20ac<\/p>\t\t\t\t\t\t\t\t<\/div>\n\t\t\t\t<\/div>\n\t\t\t\t<\/div>\n\t\t<div class=\"elementor-element elementor-element-6642b15 e-flex e-con-boxed e-con e-parent\" data-id=\"6642b15\" data-element_type=\"container\" data-e-type=\"container\">\n\t\t\t\t\t<div class=\"e-con-inner\">\n\t\t<div class=\"elementor-element elementor-element-109cc31 e-con-full e-flex e-con e-child\" data-id=\"109cc31\" data-element_type=\"container\" data-e-type=\"container\">\n\t\t\t\t<div class=\"elementor-element elementor-element-0ea5075 elementor-widget__width-initial elementor-widget elementor-widget-text-editor\" data-id=\"0ea5075\" data-element_type=\"widget\" data-e-type=\"widget\" data-widget_type=\"text-editor.default\">\n\t\t\t\t<div class=\"elementor-widget-container\">\n\t\t\t\t\t\t\t\t\t<p>I am at your disposal for any further information or special requests.<\/p>\t\t\t\t\t\t\t\t<\/div>\n\t\t\t\t<\/div>\n\t\t\t\t<\/div>\n\t\t<div class=\"elementor-element elementor-element-74092e6 e-con-full e-flex e-con e-child\" data-id=\"74092e6\" data-element_type=\"container\" data-e-type=\"container\">\n\t\t\t\t<div class=\"elementor-element elementor-element-e271c49 elementor-align-right elementor-widget__width-inherit elementor-tablet-align-center elementor-mobile-align-center elementor-widget elementor-widget-button\" data-id=\"e271c49\" data-element_type=\"widget\" data-e-type=\"widget\" data-widget_type=\"button.default\">\n\t\t\t\t<div class=\"elementor-widget-container\">\n\t\t\t\t\t\t\t\t\t<div class=\"elementor-button-wrapper\">\n\t\t\t\t\t<a class=\"elementor-button elementor-button-link elementor-size-sm\" href=\"https:\/\/www.vistamare.fr\/en\/contact\/\" target=\"_blank\">\n\t\t\t\t\t\t<span class=\"elementor-button-content-wrapper\">\n\t\t\t\t\t\t\t\t\t<span class=\"elementor-button-text\">CONTACT<\/span>\n\t\t\t\t\t<\/span>\n\t\t\t\t\t<\/a>\n\t\t\t\t<\/div>\n\t\t\t\t\t\t\t\t<\/div>\n\t\t\t\t<\/div>\n\t\t\t\t<\/div>\n\t\t\t\t\t<\/div>\n\t\t\t\t<\/div>\n\t\t<div class=\"elementor-element elementor-element-142427b e-flex e-con-boxed e-con e-parent\" data-id=\"142427b\" data-element_type=\"container\" data-e-type=\"container\" data-settings=\"{&quot;shape_divider_top&quot;:&quot;opacity-tilt&quot;}\">\n\t\t\t\t\t<div class=\"e-con-inner\">\n\t\t\t\t<div class=\"elementor-shape elementor-shape-top\" aria-hidden=\"true\" data-negative=\"false\">\n\t\t\t<svg xmlns=\"http:\/\/www.w3.org\/2000\/svg\" viewbox=\"0 0 2600 131.1\" preserveaspectratio=\"none\">\n\t<path class=\"elementor-shape-fill\" d=\"M0 0L2600 0 2600 69.1 0 0z\"\/>\n\t<path class=\"elementor-shape-fill\" style=\"opacity:0.5\" d=\"M0 0L2600 0 2600 69.1 0 69.1z\"\/>\n\t<path class=\"elementor-shape-fill\" style=\"opacity:0.25\" d=\"M2600 0L0 0 0 130.1 2600 69.1z\"\/>\n<\/svg>\t\t<\/div>\n\t\t\t\t<div class=\"elementor-element elementor-element-5a51967 elementor-widget elementor-widget-text-editor\" data-id=\"5a51967\" data-element_type=\"widget\" data-e-type=\"widget\" data-widget_type=\"text-editor.default\">\n\t\t\t\t<div class=\"elementor-widget-container\">\n\t\t\t\t\t\t\t\t\t<p style=\"text-align: justify;\">A deposit of \u20ac500 will be required.<\/p><p style=\"text-align: justify;\">Upon confirmation of your booking, a contract will be sent to you, either by post or email.<br \/>Il vous suffira alors de le renvoyer sign\u00e9 avec un ch\u00e8que de r\u00e9servation de 25% dans les 8 jours suivants la r\u00e9ception du contrat.<\/p>\t\t\t\t\t\t\t\t<\/div>\n\t\t\t\t<\/div>\n\t\t\t\t\t<\/div>\n\t\t\t\t<\/div>\n\t\t\t\t<\/div>","protected":false},"excerpt":{"rendered":"<p>Les tarifs Les tarifs peuvent varier selon la p\u00e9riode choisie.\u00c0\u00a0partir de 110\u20ac\/nuit. Pour toute demande d&rsquo;information ou de tarifs. Renseignez-vous ici Disponibilit\u00e9s : Possibilit\u00e9 de louer la maison durant toute l&rsquo;ann\u00e9e nuits*\/semaine\/mois. Juillet et Ao\u00fbt : location avec un minimum de 14 nuits, sauf s&rsquo;il reste de la disponibilit\u00e9 entre deux dates, dans ce cas [&hellip;]<\/p>\n","protected":false},"author":1,"featured_media":0,"parent":0,"menu_order":0,"comment_status":"closed","ping_status":"closed","template":"","meta":{"site-sidebar-layout":"default","site-content-layout":"","ast-site-content-layout":"default","site-content-style":"default","site-sidebar-style":"default","ast-global-header-display":"","ast-banner-title-visibility":"","ast-main-header-display":"","ast-hfb-above-header-display":"","ast-hfb-below-header-display":"","ast-hfb-mobile-header-display":"","site-post-title":"","ast-breadcrumbs-content":"","ast-featured-img":"","footer-sml-layout":"","ast-disable-related-posts":"","theme-transparent-header-meta":"","adv-header-id-meta":"","stick-header-meta":"","header-above-stick-meta":"","header-main-stick-meta":"","header-below-stick-meta":"","astra-migrate-meta-layouts":"default","ast-page-background-enabled":"default","ast-page-background-meta":{"desktop":{"background-color":"","background-image":"","background-repeat":"repeat","background-position":"center center","background-size":"auto","background-attachment":"scroll","background-type":"","background-media":"","overlay-type":"","overlay-color":"","overlay-opacity":"","overlay-gradient":""},"tablet":{"background-color":"","background-image":"","background-repeat":"repeat","background-position":"center center","background-size":"auto","background-attachment":"scroll","background-type":"","background-media":"","overlay-type":"","overlay-color":"","overlay-opacity":"","overlay-gradient":""},"mobile":{"background-color":"","background-image":"","background-repeat":"repeat","background-position":"center center","background-size":"auto","background-attachment":"scroll","background-type":"","background-media":"","overlay-type":"","overlay-color":"","overlay-opacity":"","overlay-gradient":""}},"ast-content-background-meta":{"desktop":{"background-color":"var(--ast-global-color-5)","background-image":"","background-repeat":"repeat","background-position":"center center","background-size":"auto","background-attachment":"scroll","background-type":"","background-media":"","overlay-type":"","overlay-color":"","overlay-opacity":"","overlay-gradient":""},"tablet":{"background-color":"var(--ast-global-color-5)","background-image":"","background-repeat":"repeat","background-position":"center center","background-size":"auto","background-attachment":"scroll","background-type":"","background-media":"","overlay-type":"","overlay-color":"","overlay-opacity":"","overlay-gradient":""},"mobile":{"background-color":"var(--ast-global-color-5)","background-image":"","background-repeat":"repeat","background-position":"center center","background-size":"auto","background-attachment":"scroll","background-type":"","background-media":"","overlay-type":"","overlay-color":"","overlay-opacity":"","overlay-gradient":""}},"footnotes":""},"class_list":["post-38","page","type-page","status-publish","hentry"],"_links":{"self":[{"href":"https:\/\/www.vistamare.fr\/en\/wp-json\/wp\/v2\/pages\/38","targetHints":{"allow":["GET"]}}],"collection":[{"href":"https:\/\/www.vistamare.fr\/en\/wp-json\/wp\/v2\/pages"}],"about":[{"href":"https:\/\/www.vistamare.fr\/en\/wp-json\/wp\/v2\/types\/page"}],"author":[{"embeddable":true,"href":"https:\/\/www.vistamare.fr\/en\/wp-json\/wp\/v2\/users\/1"}],"replies":[{"embeddable":true,"href":"https:\/\/www.vistamare.fr\/en\/wp-json\/wp\/v2\/comments?post=38"}],"version-history":[{"count":164,"href":"https:\/\/www.vistamare.fr\/en\/wp-json\/wp\/v2\/pages\/38\/revisions"}],"predecessor-version":[{"id":2188,"href":"https:\/\/www.vistamare.fr\/en\/wp-json\/wp\/v2\/pages\/38\/revisions\/2188"}],"wp:attachment":[{"href":"https:\/\/www.vistamare.fr\/en\/wp-json\/wp\/v2\/media?parent=38"}],"curies":[{"name":"wp","href":"https:\/\/api.w.org\/{rel}","templated":true}]}}