{"id":228,"date":"2019-08-11T15:36:13","date_gmt":"2019-08-11T13:36:13","guid":{"rendered":"http:\/\/www.vistamare.fr\/?page_id=228"},"modified":"2026-02-06T13:28:19","modified_gmt":"2026-02-06T12:28:19","slug":"faq","status":"publish","type":"page","link":"https:\/\/www.vistamare.fr\/en\/faq\/","title":{"rendered":"FAQ"},"content":{"rendered":"<div data-elementor-type=\"wp-page\" data-elementor-id=\"228\" class=\"elementor elementor-228\">\n\t\t\t\t<div class=\"elementor-element elementor-element-e838428 e-flex e-con-boxed e-con e-parent\" data-id=\"e838428\" data-element_type=\"container\" data-e-type=\"container\">\n\t\t\t\t\t<div class=\"e-con-inner\">\n\t\t\t\t<div class=\"elementor-element elementor-element-abffde2 elementor-widget elementor-widget-heading\" data-id=\"abffde2\" data-element_type=\"widget\" data-e-type=\"widget\" data-widget_type=\"heading.default\">\n\t\t\t\t<div class=\"elementor-widget-container\">\n\t\t\t\t\t<h2 class=\"elementor-heading-title elementor-size-default\">FAQ<\/h2>\t\t\t\t<\/div>\n\t\t\t\t<\/div>\n\t\t\t\t\t<\/div>\n\t\t\t\t<\/div>\n\t\t<div class=\"elementor-element elementor-element-2cb5718 e-flex e-con-boxed e-con e-parent\" data-id=\"2cb5718\" data-element_type=\"container\" data-e-type=\"container\">\n\t\t\t\t\t<div class=\"e-con-inner\">\n\t\t\t\t<div class=\"elementor-element elementor-element-6faa1cd elementor-widget elementor-widget-text-editor\" data-id=\"6faa1cd\" data-element_type=\"widget\" data-e-type=\"widget\" data-widget_type=\"text-editor.default\">\n\t\t\t\t<div class=\"elementor-widget-container\">\n\t\t\t\t\t\t\t\t\t<p><strong>Informations COVID<\/strong><\/p><p>Afin de garantir au mieux la s\u00e9curit\u00e9 de nos voyageurs, sachez que le m\u00e9nage et la d\u00e9sinfection des lieux sont r\u00e9alis\u00e9s selon un protocole strict apr\u00e8s chaque locataire.<\/p><p><strong>Est-ce que le linge de lit est inclus\u00a0?<\/strong><\/p><p>Oui, tous le linge de lit est fourni, repass\u00e9 et les lits sont faits.<br \/>Il y a \u00e9galement des oreillers suppl\u00e9mentaires et des couettes\/couvertures (selon la saison).<\/p><p><strong>Est-ce que le linge de bain est inclus\u00a0?<\/strong><\/p><p>Oui, pour chaque h\u00f4te,\u00a0 il y a un drap de bain, un petite serviette, un essuie-mains et un gant de toilette.<\/p><p><strong>Y-a-t-il la climatisation\u00a0?<\/strong><\/p><p>Oui, il y a la climatisation dans toutes les pi\u00e8ces de la maison.<\/p><p><strong>Est-ce qu&rsquo;il y a une piscine ?<\/strong><\/p><p>Non.<\/p><p><strong>Peut-on se garer facilement ?<\/strong><\/p><p>Oui, il y a une place gratuite devant le portail de la propri\u00e9t\u00e9, et une \u00e0 l&rsquo;int\u00e9rieure. Mais plusieurs places gratuites, \u00e9galement au niveau de la r\u00e9sidence.<br \/><span style=\"text-decoration: underline;\">NOTE<\/span> : la maison ne dispose pas de garage ferm\u00e9, mais le stationnement dans la r\u00e9sidence est s\u00e9curis\u00e9 et sans difficult\u00e9.<\/p><p><strong>Le logement est-il adapt\u00e9 aux PMR ?<\/strong><\/p><p>Malheureusement, il n&rsquo;est pas possible d&rsquo;adapter la maison pour les fauteuils (escaliers, taille des portes&#8230;).<\/p><p><strong>Est-ce un plain pied ou \u00e0 \u00e9tage ?<\/strong><\/p><p>La maison est enti\u00e8rement de plain pied. En revanche, pour y acc\u00e9der, il y a des escaliers.<\/p><p><strong>Est-ce une location fumeur ?<\/strong><\/p><p>Il est <span style=\"color: #ff0000;\">STRICTEMENT<\/span> interdit de fumer \u00e0 l&rsquo;int\u00e9rieur de la maison ou aux fen\u00eatres.<br \/>En revanche, un cendrier est mis \u00e0 disposition \u00e0 l&rsquo;ext\u00e9rieur.<\/p><p><strong>Est-ce que les animaux sont admis ?<\/strong><\/p><p>Oui, les petits animaux (moins de 15 kilos) sont admis.<br \/>Cependant, le locataire devra s\u2019assurer que son animal fasse ses besoins \u00e0 l\u2019ext\u00e9rieur de l\u2019h\u00e9bergement ou dans une liti\u00e8re.<br \/>Le locataire est responsable de son animal et des d\u00e9g\u00e2ts que celui-ci pourrait causer dans l\u2019h\u00e9bergement.<br \/><span style=\"text-decoration: underline;\">NOTE<\/span> : pour toute demande particuli\u00e8re, merci de me contacter.<\/p><p><strong>Le jardin est-il cl\u00f4tur\u00e9 ?<\/strong><\/p><p>Oui, cependant en ce qui concerne les animaux, il y a malgr\u00e9 tout des endroits o\u00f9 l&rsquo;animal aura la possibilit\u00e9 de passer.<\/p><p><strong>Comment se passe l&rsquo;entr\u00e9e dans les lieux ?<\/strong><\/p><p>Je serai sur place pour vous accueillir et vous fournir toutes les informations n\u00e9cessaires au bon d\u00e9roulement de votre s\u00e9jour.<\/p><p><strong>Combien de temps il faut pour se rendre \u00e0 pied, \u00e0 la plage et aux commerces de Porticcio ?<\/strong><\/p><p>Il y a deux chemins.<br \/>Un o\u00f9 il faut moins de 10 mn \u00e0 pied et l\u2019autre 15 mn.<\/p><p><strong>Quels sont les \u00e9quipements de la maison ?<\/strong><\/p><p>Vous trouverez l&rsquo;inventaire <a href=\"https:\/\/www.vistamare.fr\/wp-content\/uploads\/2025\/05\/Inventaire.pdf\" target=\"_blank\" rel=\"noopener\">here<\/a>.<\/p>\t\t\t\t\t\t\t\t<\/div>\n\t\t\t\t<\/div>\n\t\t\t\t\t<\/div>\n\t\t\t\t<\/div>\n\t\t<div class=\"elementor-element elementor-element-3629273 e-flex e-con-boxed e-con e-parent\" data-id=\"3629273\" data-element_type=\"container\" data-e-type=\"container\">\n\t\t\t\t\t<div class=\"e-con-inner\">\n\t\t<div class=\"elementor-element elementor-element-7f762be e-con-full e-flex e-con e-child\" data-id=\"7f762be\" data-element_type=\"container\" data-e-type=\"container\">\n\t\t\t\t<div class=\"elementor-element elementor-element-7d4d256 elementor-widget elementor-widget-text-editor\" data-id=\"7d4d256\" data-element_type=\"widget\" data-e-type=\"widget\" data-widget_type=\"text-editor.default\">\n\t\t\t\t<div class=\"elementor-widget-container\">\n\t\t\t\t\t\t\t\t\t<p>Pour toutes informations compl\u00e9mentaires ou demandes particuli\u00e8res, merci de me contacter<\/p>\t\t\t\t\t\t\t\t<\/div>\n\t\t\t\t<\/div>\n\t\t\t\t<\/div>\n\t\t<div class=\"elementor-element elementor-element-9222e37 e-con-full e-flex e-con e-child\" data-id=\"9222e37\" data-element_type=\"container\" data-e-type=\"container\" data-settings=\"{&quot;background_background&quot;:&quot;classic&quot;}\">\n\t\t\t\t<div class=\"elementor-element elementor-element-9c79ec0 elementor-mobile-align-center elementor-widget elementor-widget-button\" data-id=\"9c79ec0\" data-element_type=\"widget\" data-e-type=\"widget\" data-widget_type=\"button.default\">\n\t\t\t\t<div class=\"elementor-widget-container\">\n\t\t\t\t\t\t\t\t\t<div class=\"elementor-button-wrapper\">\n\t\t\t\t\t<a class=\"elementor-button elementor-button-link elementor-size-sm\" href=\"https:\/\/www.vistamare.fr\/en\/contact\/\">\n\t\t\t\t\t\t<span class=\"elementor-button-content-wrapper\">\n\t\t\t\t\t\t\t\t\t<span class=\"elementor-button-text\">ICI<\/span>\n\t\t\t\t\t<\/span>\n\t\t\t\t\t<\/a>\n\t\t\t\t<\/div>\n\t\t\t\t\t\t\t\t<\/div>\n\t\t\t\t<\/div>\n\t\t\t\t<\/div>\n\t\t\t\t\t<\/div>\n\t\t\t\t<\/div>\n\t\t\t\t<\/div>","protected":false},"excerpt":{"rendered":"<p>FAQ Informations COVID Afin de garantir au mieux la s\u00e9curit\u00e9 de nos voyageurs, sachez que le m\u00e9nage et la d\u00e9sinfection des lieux sont r\u00e9alis\u00e9s selon un protocole strict apr\u00e8s chaque locataire. Est-ce que le linge de lit est inclus\u00a0? Oui, tous le linge de lit est fourni, repass\u00e9 et les lits sont faits.Il y a [&hellip;]<\/p>\n","protected":false},"author":1,"featured_media":0,"parent":0,"menu_order":0,"comment_status":"closed","ping_status":"closed","template":"","meta":{"site-sidebar-layout":"default","site-content-layout":"","ast-site-content-layout":"default","site-content-style":"default","site-sidebar-style":"default","ast-global-header-display":"","ast-banner-title-visibility":"","ast-main-header-display":"","ast-hfb-above-header-display":"","ast-hfb-below-header-display":"","ast-hfb-mobile-header-display":"","site-post-title":"","ast-breadcrumbs-content":"","ast-featured-img":"","footer-sml-layout":"","ast-disable-related-posts":"","theme-transparent-header-meta":"","adv-header-id-meta":"","stick-header-meta":"","header-above-stick-meta":"","header-main-stick-meta":"","header-below-stick-meta":"","astra-migrate-meta-layouts":"default","ast-page-background-enabled":"default","ast-page-background-meta":{"desktop":{"background-color":"","background-image":"","background-repeat":"repeat","background-position":"center center","background-size":"auto","background-attachment":"scroll","background-type":"","background-media":"","overlay-type":"","overlay-color":"","overlay-opacity":"","overlay-gradient":""},"tablet":{"background-color":"","background-image":"","background-repeat":"repeat","background-position":"center center","background-size":"auto","background-attachment":"scroll","background-type":"","background-media":"","overlay-type":"","overlay-color":"","overlay-opacity":"","overlay-gradient":""},"mobile":{"background-color":"","background-image":"","background-repeat":"repeat","background-position":"center center","background-size":"auto","background-attachment":"scroll","background-type":"","background-media":"","overlay-type":"","overlay-color":"","overlay-opacity":"","overlay-gradient":""}},"ast-content-background-meta":{"desktop":{"background-color":"var(--ast-global-color-5)","background-image":"","background-repeat":"repeat","background-position":"center center","background-size":"auto","background-attachment":"scroll","background-type":"","background-media":"","overlay-type":"","overlay-color":"","overlay-opacity":"","overlay-gradient":""},"tablet":{"background-color":"var(--ast-global-color-5)","background-image":"","background-repeat":"repeat","background-position":"center center","background-size":"auto","background-attachment":"scroll","background-type":"","background-media":"","overlay-type":"","overlay-color":"","overlay-opacity":"","overlay-gradient":""},"mobile":{"background-color":"var(--ast-global-color-5)","background-image":"","background-repeat":"repeat","background-position":"center center","background-size":"auto","background-attachment":"scroll","background-type":"","background-media":"","overlay-type":"","overlay-color":"","overlay-opacity":"","overlay-gradient":""}},"footnotes":""},"class_list":["post-228","page","type-page","status-publish","hentry"],"_links":{"self":[{"href":"https:\/\/www.vistamare.fr\/en\/wp-json\/wp\/v2\/pages\/228","targetHints":{"allow":["GET"]}}],"collection":[{"href":"https:\/\/www.vistamare.fr\/en\/wp-json\/wp\/v2\/pages"}],"about":[{"href":"https:\/\/www.vistamare.fr\/en\/wp-json\/wp\/v2\/types\/page"}],"author":[{"embeddable":true,"href":"https:\/\/www.vistamare.fr\/en\/wp-json\/wp\/v2\/users\/1"}],"replies":[{"embeddable":true,"href":"https:\/\/www.vistamare.fr\/en\/wp-json\/wp\/v2\/comments?post=228"}],"version-history":[{"count":33,"href":"https:\/\/www.vistamare.fr\/en\/wp-json\/wp\/v2\/pages\/228\/revisions"}],"predecessor-version":[{"id":1802,"href":"https:\/\/www.vistamare.fr\/en\/wp-json\/wp\/v2\/pages\/228\/revisions\/1802"}],"wp:attachment":[{"href":"https:\/\/www.vistamare.fr\/en\/wp-json\/wp\/v2\/media?parent=228"}],"curies":[{"name":"wp","href":"https:\/\/api.w.org\/{rel}","templated":true}]}}