{"id":20,"date":"2018-09-24T17:39:46","date_gmt":"2018-09-24T15:39:46","guid":{"rendered":"http:\/\/www.vistamare.fr\/?page_id=20"},"modified":"2026-02-13T18:29:05","modified_gmt":"2026-02-13T17:29:05","slug":"lamaison","status":"publish","type":"page","link":"https:\/\/www.vistamare.fr\/en\/lamaison\/","title":{"rendered":"The house"},"content":{"rendered":"<div data-elementor-type=\"wp-page\" data-elementor-id=\"20\" class=\"elementor elementor-20\">\n\t\t\t\t<div class=\"elementor-element elementor-element-a84c517 e-flex e-con-boxed e-con e-parent\" data-id=\"a84c517\" data-element_type=\"container\" data-e-type=\"container\">\n\t\t\t\t\t<div class=\"e-con-inner\">\n\t\t\t\t<div class=\"elementor-element elementor-element-bad2634 elementor-widget elementor-widget-heading\" data-id=\"bad2634\" data-element_type=\"widget\" data-e-type=\"widget\" data-widget_type=\"heading.default\">\n\t\t\t\t<div class=\"elementor-widget-container\">\n\t\t\t\t\t<h2 class=\"elementor-heading-title elementor-size-default\">The house<\/h2>\t\t\t\t<\/div>\n\t\t\t\t<\/div>\n\t\t\t\t\t<\/div>\n\t\t\t\t<\/div>\n\t\t<div class=\"elementor-element elementor-element-bb1ecee e-flex e-con-boxed e-con e-parent\" data-id=\"bb1ecee\" data-element_type=\"container\" data-e-type=\"container\">\n\t\t\t\t\t<div class=\"e-con-inner\">\n\t\t<div class=\"elementor-element elementor-element-438019f e-con-full e-flex e-con e-child\" data-id=\"438019f\" data-element_type=\"container\" data-e-type=\"container\">\n\t\t\t\t<div class=\"elementor-element elementor-element-200f018 elementor-widget elementor-widget-text-editor\" data-id=\"200f018\" data-element_type=\"widget\" data-e-type=\"widget\" data-widget_type=\"text-editor.default\">\n\t\t\t\t<div class=\"elementor-widget-container\">\n\t\t\t\t\t\t\t\t\t<p><strong>Dans un lotissement calme, maison de 76 m\u00b2 ind\u00e9pendante, climatis\u00e9e.<\/strong><br \/><strong>Doubles terrasses\/jardin bois\u00e9 de 600m\u00b2 avec tr\u00e8s belle vue mer et montagnes.<\/strong><\/p>\t\t\t\t\t\t\t\t<\/div>\n\t\t\t\t<\/div>\n\t\t\t\t<\/div>\n\t\t<div class=\"elementor-element elementor-element-03b2c31 e-con-full e-flex e-con e-child\" data-id=\"03b2c31\" data-element_type=\"container\" data-e-type=\"container\">\n\t\t\t\t<div class=\"elementor-element elementor-element-3426eb5 elementor-tablet-align-center elementor-widget-mobile__width-initial elementor-widget elementor-widget-button\" data-id=\"3426eb5\" data-element_type=\"widget\" data-e-type=\"widget\" data-widget_type=\"button.default\">\n\t\t\t\t<div class=\"elementor-widget-container\">\n\t\t\t\t\t\t\t\t\t<div class=\"elementor-button-wrapper\">\n\t\t\t\t\t<a class=\"elementor-button elementor-button-link elementor-size-sm\" href=\"https:\/\/www.vistamare.fr\/en\/photos\/\">\n\t\t\t\t\t\t<span class=\"elementor-button-content-wrapper\">\n\t\t\t\t\t\t\t\t\t<span class=\"elementor-button-text\">Photos<\/span>\n\t\t\t\t\t<\/span>\n\t\t\t\t\t<\/a>\n\t\t\t\t<\/div>\n\t\t\t\t\t\t\t\t<\/div>\n\t\t\t\t<\/div>\n\t\t\t\t<\/div>\n\t\t\t\t\t<\/div>\n\t\t\t\t<\/div>\n\t\t<div class=\"elementor-element elementor-element-872efec e-con-full e-flex e-con e-parent\" data-id=\"872efec\" data-element_type=\"container\" data-e-type=\"container\">\n\t\t<div class=\"elementor-element elementor-element-d07f4da e-con-full e-flex e-con e-child\" data-id=\"d07f4da\" data-element_type=\"container\" data-e-type=\"container\">\n\t\t\t\t<div class=\"elementor-element elementor-element-525f855 elementor-widget elementor-widget-text-editor\" data-id=\"525f855\" data-element_type=\"widget\" data-e-type=\"widget\" data-widget_type=\"text-editor.default\">\n\t\t\t\t<div class=\"elementor-widget-container\">\n\t\t\t\t\t\t\t\t\t<p><strong>3 chambres climatis\u00e9es<\/strong>, 7 couchages :<\/p><ul><li>1 lit double 160<\/li><li>1 lit double 140<\/li><li>1 lit superpos\u00e9 et 1 lit simple<\/li><\/ul><p><strong>Salon<\/strong>\u00a0avec t\u00e9l\u00e9vision.<br \/>2 canap\u00e9s dont un lit possible en couchage d\u2019appoint (avec suppl\u00e9ment *).<\/p><p><strong>Cuisine \u00e9quip\u00e9e<\/strong>\u00a0(Plaque induction, four, micro-ondes, r\u00e9frig\u00e9rateur-cong\u00e9lateur, lave-vaisselle, cafeti\u00e8re Nespresso, grille-pain\u2026 ) ouverte sur salle \u00e0 manger avec t\u00e9l\u00e9vision.<br \/>Enceinte Bose.<\/p><p><strong>2 salles de bain avec douche<\/strong>\u00a0(S\u00e8che cheveux, lave-linge)<br \/><strong>2 WC.<\/strong><\/p><p>Table de jardin, bains de soleil, barbecue (d\u2019avril \u00e0 octobre ou sur demande), hamac et salon de jardin (\u00e9t\u00e9).<br \/>Fer \u00e0 repasser.<\/p><p>\u2014\u2014\u2014\u2014\u2014<br \/><strong>Non fumeur<\/strong><\/p><p><strong>F\u00eates non autoris\u00e9es<\/strong><\/p><p>Petits animaux accept\u00e9s (15kg max).<\/p><p>Pas d\u2019acc\u00e8s PMR.<\/p><p>INCLUS DANS LE TARIF\u00a0:<\/p><ul><li>Bed linen<\/li><li>Bath linen<\/li><li>Connexion Internet<\/li><li>Wifi<\/li><li>Air conditioning\/heating (season dependent)<\/li><li>L\u2019eau et \u00e9lectricit\u00e9 (sur la base d\u2019une consommation raisonnable)<\/li><li>Parking 2 spaces<\/li><\/ul><p>El\u00e9ments mis \u00e0 disposition gratuitement\u00a0:<\/p><p>Produit plaque \u00e0 induction\/sol\/vaisselle\/vitres\/wc, chiffons, \u00e9ponges, sac poubelles, papier toilette.<br \/>Jeu de 54 cartes, de Tarot, Mille bornes, Puissance 4, Scrabble, livres.<\/p><p>EN OPTION\u00a0(gratuitement) :<\/p><ul><li>Lit parapluie<\/li><li>Chaise b\u00e9b\u00e9<\/li><li>R\u00e9hausseur<\/li><\/ul><p>Voir l\u2019inventaire complet de la maison\u00a0<a href=\"https:\/\/www.vistamare.fr\/wp-content\/uploads\/2025\/05\/Inventaire.pdf\" target=\"_blank\" rel=\"noopener\">here<\/a>.<\/p><p><em>* 20\u20ac\/par personne\/par jour<\/em><\/p>\t\t\t\t\t\t\t\t<\/div>\n\t\t\t\t<\/div>\n\t\t\t\t<\/div>\n\t\t<div class=\"elementor-element elementor-element-9d13815 e-con-full e-flex e-con e-child\" data-id=\"9d13815\" data-element_type=\"container\" data-e-type=\"container\">\n\t\t\t\t<div class=\"elementor-element elementor-element-f330ff1 elementor-widget elementor-widget-text-editor\" data-id=\"f330ff1\" data-element_type=\"widget\" data-e-type=\"widget\" data-widget_type=\"text-editor.default\">\n\t\t\t\t<div class=\"elementor-widget-container\">\n\t\t\t\t\t\t\t\t\t<table style=\"border-collapse: collapse; width: 100%; border: 3px solid #3CA0CB;\">\n<tbody>\n<tr>\n<td style=\"width: 100%;\"><strong><span style=\"color: #3ca0cb;\">Merci \u00e0 tous les voyageurs pour leurs t\u00e9moignages !<\/span><\/strong>\n<br><br>\n\nCliquez sur les ic\u00f4nes pour lire les avis et partager votre exp\u00e9rience.\n<br><br>\n<div class=\"custom-social-icons\" style=\"text-align: center;\"><!-- Airbnb -->\n<a title=\"Voir les avis sur Airbnb\" href=\"https:\/\/www.airbnb.fr\/rooms\/26147746\" target=\"_blank\" rel=\"noopener\">\n<i class=\"fab fa-airbnb\"><\/i> <!-- Icone Airbnb -->\n<\/a><!-- Booking -->\n<a title=\"Voir les avis sur Booking\" href=\"https:\/\/www.booking.com\/hotel\/fr\/vista-mare-porticcio.fr.html?label=gen173nr-10CAsoTUIUdmlzdGEtbWFyZS1wb3J0aWNjaW9IM1gEaE2IAQGYATO4ARfIAQzYAQPoAQH4AQGIAgGoAgG4AqOKk8wGwAIB0gIkNjYzNzBiMjgtOTFmMC00YjRiLThjNTItMWIyN2UxMTVkNDQz2AIB4AIB&amp;sid=7768e22af18185b5d4def8b78bd8e56d&amp;dist=0&amp;keep_landing=1&amp;sb_price_type=total&amp;type=total&amp;\" target=\"_blank\" rel=\"noopener\">\n<img decoding=\"async\" class=\"booking-logo\" src=\"https:\/\/www.vistamare.fr\/wp-content\/uploads\/2019\/09\/booking.png\" alt=\"Logo Booking\" \/>\n<\/a>\n\n<!-- Google Reviews -->\n<a title=\"Voir les avis sur Google\" href=\"https:\/\/maps.app.goo.gl\/m315XYRgawvpDvYA8\" target=\"_blank\" rel=\"noopener\">\n<i class=\"fab fa-google\"><\/i> <!-- Icone Google -->\n<\/a>\n\n<\/div><\/td>\n<\/tr>\n<\/tbody>\n<\/table>\t\t\t\t\t\t\t\t<\/div>\n\t\t\t\t<\/div>\n\t\t\t\t<\/div>\n\t\t\t\t<\/div>\n\t\t<div class=\"elementor-element elementor-element-19e318b e-flex e-con-boxed e-con e-parent\" data-id=\"19e318b\" data-element_type=\"container\" data-e-type=\"container\" data-settings=\"{&quot;shape_divider_top&quot;:&quot;opacity-tilt&quot;}\">\n\t\t\t\t\t<div class=\"e-con-inner\">\n\t\t\t\t<div class=\"elementor-shape elementor-shape-top\" aria-hidden=\"true\" data-negative=\"false\">\n\t\t\t<svg xmlns=\"http:\/\/www.w3.org\/2000\/svg\" viewbox=\"0 0 2600 131.1\" preserveaspectratio=\"none\">\n\t<path class=\"elementor-shape-fill\" d=\"M0 0L2600 0 2600 69.1 0 0z\"\/>\n\t<path class=\"elementor-shape-fill\" style=\"opacity:0.5\" d=\"M0 0L2600 0 2600 69.1 0 69.1z\"\/>\n\t<path class=\"elementor-shape-fill\" style=\"opacity:0.25\" d=\"M2600 0L0 0 0 130.1 2600 69.1z\"\/>\n<\/svg>\t\t<\/div>\n\t\t<div class=\"elementor-element elementor-element-8df1b00 e-con-full e-flex e-con e-child\" data-id=\"8df1b00\" data-element_type=\"container\" data-e-type=\"container\">\n\t\t\t\t<div class=\"elementor-element elementor-element-ae024af elementor-widget-tablet__width-initial elementor-widget elementor-widget-text-editor\" data-id=\"ae024af\" data-element_type=\"widget\" data-e-type=\"widget\" data-widget_type=\"text-editor.default\">\n\t\t\t\t<div class=\"elementor-widget-container\">\n\t\t\t\t\t\t\t\t\t<p>N&rsquo;h\u00e9sitez pas \u00e0 consulter la FAQ pour trouver des informations.<\/p>\t\t\t\t\t\t\t\t<\/div>\n\t\t\t\t<\/div>\n\t\t\t\t<\/div>\n\t\t<div class=\"elementor-element elementor-element-ee78cf3 e-con-full e-flex e-con e-child\" data-id=\"ee78cf3\" data-element_type=\"container\" data-e-type=\"container\">\n\t\t\t\t<div class=\"elementor-element elementor-element-b0179a7 elementor-mobile-align-center elementor-widget elementor-widget-button\" data-id=\"b0179a7\" data-element_type=\"widget\" data-e-type=\"widget\" data-widget_type=\"button.default\">\n\t\t\t\t<div class=\"elementor-widget-container\">\n\t\t\t\t\t\t\t\t\t<div class=\"elementor-button-wrapper\">\n\t\t\t\t\t<a class=\"elementor-button elementor-button-link elementor-size-sm\" href=\"https:\/\/www.vistamare.fr\/en\/faq\/\">\n\t\t\t\t\t\t<span class=\"elementor-button-content-wrapper\">\n\t\t\t\t\t\t\t\t\t<span class=\"elementor-button-text\">FAQ<\/span>\n\t\t\t\t\t<\/span>\n\t\t\t\t\t<\/a>\n\t\t\t\t<\/div>\n\t\t\t\t\t\t\t\t<\/div>\n\t\t\t\t<\/div>\n\t\t\t\t<\/div>\n\t\t\t\t\t<\/div>\n\t\t\t\t<\/div>\n\t\t\t\t<\/div>","protected":false},"excerpt":{"rendered":"<p>La maison Dans un lotissement calme, maison de 76 m\u00b2 ind\u00e9pendante, climatis\u00e9e.Doubles terrasses\/jardin bois\u00e9 de 600m\u00b2 avec tr\u00e8s belle vue mer et montagnes. Photos 3 chambres climatis\u00e9es, 7 couchages : 1 lit double 160 1 lit double 140 1 lit superpos\u00e9 et 1 lit simple Salon\u00a0avec t\u00e9l\u00e9vision.2 canap\u00e9s dont un lit possible en couchage d\u2019appoint [&hellip;]<\/p>\n","protected":false},"author":1,"featured_media":0,"parent":0,"menu_order":0,"comment_status":"closed","ping_status":"closed","template":"","meta":{"site-sidebar-layout":"default","site-content-layout":"","ast-site-content-layout":"default","site-content-style":"default","site-sidebar-style":"default","ast-global-header-display":"","ast-banner-title-visibility":"","ast-main-header-display":"","ast-hfb-above-header-display":"","ast-hfb-below-header-display":"","ast-hfb-mobile-header-display":"","site-post-title":"","ast-breadcrumbs-content":"","ast-featured-img":"","footer-sml-layout":"","ast-disable-related-posts":"","theme-transparent-header-meta":"","adv-header-id-meta":"","stick-header-meta":"","header-above-stick-meta":"","header-main-stick-meta":"","header-below-stick-meta":"","astra-migrate-meta-layouts":"default","ast-page-background-enabled":"default","ast-page-background-meta":{"desktop":{"background-color":"","background-image":"","background-repeat":"repeat","background-position":"center center","background-size":"auto","background-attachment":"scroll","background-type":"","background-media":"","overlay-type":"","overlay-color":"","overlay-opacity":"","overlay-gradient":""},"tablet":{"background-color":"","background-image":"","background-repeat":"repeat","background-position":"center center","background-size":"auto","background-attachment":"scroll","background-type":"","background-media":"","overlay-type":"","overlay-color":"","overlay-opacity":"","overlay-gradient":""},"mobile":{"background-color":"","background-image":"","background-repeat":"repeat","background-position":"center center","background-size":"auto","background-attachment":"scroll","background-type":"","background-media":"","overlay-type":"","overlay-color":"","overlay-opacity":"","overlay-gradient":""}},"ast-content-background-meta":{"desktop":{"background-color":"var(--ast-global-color-5)","background-image":"","background-repeat":"repeat","background-position":"center center","background-size":"auto","background-attachment":"scroll","background-type":"","background-media":"","overlay-type":"","overlay-color":"","overlay-opacity":"","overlay-gradient":""},"tablet":{"background-color":"var(--ast-global-color-5)","background-image":"","background-repeat":"repeat","background-position":"center center","background-size":"auto","background-attachment":"scroll","background-type":"","background-media":"","overlay-type":"","overlay-color":"","overlay-opacity":"","overlay-gradient":""},"mobile":{"background-color":"var(--ast-global-color-5)","background-image":"","background-repeat":"repeat","background-position":"center center","background-size":"auto","background-attachment":"scroll","background-type":"","background-media":"","overlay-type":"","overlay-color":"","overlay-opacity":"","overlay-gradient":""}},"footnotes":""},"class_list":["post-20","page","type-page","status-publish","hentry"],"_links":{"self":[{"href":"https:\/\/www.vistamare.fr\/en\/wp-json\/wp\/v2\/pages\/20","targetHints":{"allow":["GET"]}}],"collection":[{"href":"https:\/\/www.vistamare.fr\/en\/wp-json\/wp\/v2\/pages"}],"about":[{"href":"https:\/\/www.vistamare.fr\/en\/wp-json\/wp\/v2\/types\/page"}],"author":[{"embeddable":true,"href":"https:\/\/www.vistamare.fr\/en\/wp-json\/wp\/v2\/users\/1"}],"replies":[{"embeddable":true,"href":"https:\/\/www.vistamare.fr\/en\/wp-json\/wp\/v2\/comments?post=20"}],"version-history":[{"count":111,"href":"https:\/\/www.vistamare.fr\/en\/wp-json\/wp\/v2\/pages\/20\/revisions"}],"predecessor-version":[{"id":2067,"href":"https:\/\/www.vistamare.fr\/en\/wp-json\/wp\/v2\/pages\/20\/revisions\/2067"}],"wp:attachment":[{"href":"https:\/\/www.vistamare.fr\/en\/wp-json\/wp\/v2\/media?parent=20"}],"curies":[{"name":"wp","href":"https:\/\/api.w.org\/{rel}","templated":true}]}}