{"id":1166,"date":"2025-04-24T23:55:15","date_gmt":"2025-04-24T21:55:15","guid":{"rendered":"https:\/\/www.vistamare.fr\/?page_id=1166"},"modified":"2026-04-10T19:12:39","modified_gmt":"2026-04-10T17:12:39","slug":"activites","status":"publish","type":"page","link":"https:\/\/www.vistamare.fr\/en\/activites\/","title":{"rendered":"Activities"},"content":{"rendered":"<div data-elementor-type=\"wp-page\" data-elementor-id=\"1166\" class=\"elementor elementor-1166\">\n\t\t\t\t<div class=\"elementor-element elementor-element-a86b9cc e-flex e-con-boxed e-con e-parent\" data-id=\"a86b9cc\" data-element_type=\"container\" data-e-type=\"container\">\n\t\t\t\t\t<div class=\"e-con-inner\">\n\t\t\t\t<div class=\"elementor-element elementor-element-899dd6d elementor-widget elementor-widget-heading\" data-id=\"899dd6d\" data-element_type=\"widget\" data-e-type=\"widget\" data-widget_type=\"heading.default\">\n\t\t\t\t<div class=\"elementor-widget-container\">\n\t\t\t\t\t<h2 class=\"elementor-heading-title elementor-size-default\">Activities<\/h2>\t\t\t\t<\/div>\n\t\t\t\t<\/div>\n\t\t\t\t\t<\/div>\n\t\t\t\t<\/div>\n\t\t<div class=\"elementor-element elementor-element-8085611 e-flex e-con-boxed e-con e-parent\" data-id=\"8085611\" data-element_type=\"container\" data-e-type=\"container\">\n\t\t\t\t\t<div class=\"e-con-inner\">\n\t\t\t\t<div class=\"elementor-element elementor-element-cead160 elementor-widget elementor-widget-heading\" data-id=\"cead160\" data-element_type=\"widget\" data-e-type=\"widget\" data-widget_type=\"heading.default\">\n\t\t\t\t<div class=\"elementor-widget-container\">\n\t\t\t\t\t<h3 class=\"elementor-heading-title elementor-size-default\">Les parcs<\/h3>\t\t\t\t<\/div>\n\t\t\t\t<\/div>\n\t\t\t\t\t<\/div>\n\t\t\t\t<\/div>\n\t\t<div class=\"elementor-element elementor-element-8567346 e-flex e-con-boxed e-con e-parent\" data-id=\"8567346\" data-element_type=\"container\" data-e-type=\"container\">\n\t\t\t\t\t<div class=\"e-con-inner\">\n\t\t\t\t<div class=\"elementor-element elementor-element-473337f elementor-widget elementor-widget-text-editor\" data-id=\"473337f\" data-element_type=\"widget\" data-e-type=\"widget\" data-widget_type=\"text-editor.default\">\n\t\t\t\t<div class=\"elementor-widget-container\">\n\t\t\t\t\t\t\t\t\t<p>La Corse est une \u00eele aux multiples activit\u00e9s : sports nautiques, randonn\u00e9es, VTT, parc, \u00e9quitation, canyoning ou excursions en bateau. Sans oublier les d\u00e9couvertes culturelles et gourmandes, pour profiter pleinement de l\u2019\u00eele et de ses paysages uniques.<br \/>En Corse, chacun trouve de quoi s\u2019amuser et se ressourcer.<\/p>\t\t\t\t\t\t\t\t<\/div>\n\t\t\t\t<\/div>\n\t\t\t\t\t<\/div>\n\t\t\t\t<\/div>\n\t\t<div class=\"elementor-element elementor-element-9598066 e-grid e-con-boxed e-con e-parent\" data-id=\"9598066\" data-element_type=\"container\" data-e-type=\"container\">\n\t\t\t\t\t<div class=\"e-con-inner\">\n\t\t<div class=\"elementor-element elementor-element-7db3ed6 e-con-full e-flex e-con e-child\" data-id=\"7db3ed6\" data-element_type=\"container\" data-e-type=\"container\">\n\t\t\t\t<div class=\"elementor-element elementor-element-c0c4efe elementor-widget elementor-widget-heading\" data-id=\"c0c4efe\" data-element_type=\"widget\" data-e-type=\"widget\" data-widget_type=\"heading.default\">\n\t\t\t\t<div class=\"elementor-widget-container\">\n\t\t\t\t\t<h3 class=\"elementor-heading-title elementor-size-default\">Parc animalier - A Cupulatta<\/h3>\t\t\t\t<\/div>\n\t\t\t\t<\/div>\n\t\t\t\t<div class=\"elementor-element elementor-element-0d38296 elementor-widget elementor-widget-image\" data-id=\"0d38296\" data-element_type=\"widget\" data-e-type=\"widget\" data-widget_type=\"image.default\">\n\t\t\t\t<div class=\"elementor-widget-container\">\n\t\t\t\t\t\t\t\t\t\t\t\t<figure class=\"wp-caption\">\n\t\t\t\t\t\t\t\t\t\t\t<a href=\"https:\/\/www.vistamare.fr\/en\/parc-animalier-a-cupulatta\/\" target=\"_blank\">\n\t\t\t\t\t\t\t<img fetchpriority=\"high\" decoding=\"async\" width=\"768\" height=\"768\" src=\"https:\/\/www.vistamare.fr\/wp-content\/uploads\/2026\/02\/Cupulatta-768x768.jpg\" class=\"attachment-medium_large size-medium_large wp-image-1886\" alt=\"\" srcset=\"https:\/\/www.vistamare.fr\/wp-content\/uploads\/2026\/02\/Cupulatta-768x768.jpg 768w, https:\/\/www.vistamare.fr\/wp-content\/uploads\/2026\/02\/Cupulatta-300x300.jpg 300w, https:\/\/www.vistamare.fr\/wp-content\/uploads\/2026\/02\/Cupulatta-150x150.jpg 150w, https:\/\/www.vistamare.fr\/wp-content\/uploads\/2026\/02\/Cupulatta.jpg 1024w\" sizes=\"(max-width: 768px) 100vw, 768px\" \/>\t\t\t\t\t\t\t\t<\/a>\n\t\t\t\t\t\t\t\t\t\t\t<figcaption class=\"widget-image-caption wp-caption-text\">Tortues<\/figcaption>\n\t\t\t\t\t\t\t\t\t\t<\/figure>\n\t\t\t\t\t\t\t\t\t<\/div>\n\t\t\t\t<\/div>\n\t\t\t\t<\/div>\n\t\t<div class=\"elementor-element elementor-element-2fb8f24 e-con-full e-flex e-con e-child\" data-id=\"2fb8f24\" data-element_type=\"container\" data-e-type=\"container\">\n\t\t\t\t<div class=\"elementor-element elementor-element-97281a3 elementor-widget elementor-widget-heading\" data-id=\"97281a3\" data-element_type=\"widget\" data-e-type=\"widget\" data-widget_type=\"heading.default\">\n\t\t\t\t<div class=\"elementor-widget-container\">\n\t\t\t\t\t<h3 class=\"elementor-heading-title elementor-size-default\">Parc animalier de Bottacina<\/h3>\t\t\t\t<\/div>\n\t\t\t\t<\/div>\n\t\t\t\t<div class=\"elementor-element elementor-element-778951d elementor-widget elementor-widget-image\" data-id=\"778951d\" data-element_type=\"widget\" data-e-type=\"widget\" data-widget_type=\"image.default\">\n\t\t\t\t<div class=\"elementor-widget-container\">\n\t\t\t\t\t\t\t\t\t\t\t\t<figure class=\"wp-caption\">\n\t\t\t\t\t\t\t\t\t\t\t<a href=\"https:\/\/www.vistamare.fr\/en\/parc-animalier-de-bottacina\/\" target=\"_blank\">\n\t\t\t\t\t\t\t<img decoding=\"async\" width=\"768\" height=\"768\" src=\"https:\/\/www.vistamare.fr\/wp-content\/uploads\/2026\/02\/La-ferme-768x768.jpg\" class=\"attachment-medium_large size-medium_large wp-image-1887\" alt=\"\" srcset=\"https:\/\/www.vistamare.fr\/wp-content\/uploads\/2026\/02\/La-ferme-768x768.jpg 768w, https:\/\/www.vistamare.fr\/wp-content\/uploads\/2026\/02\/La-ferme-300x300.jpg 300w, https:\/\/www.vistamare.fr\/wp-content\/uploads\/2026\/02\/La-ferme-150x150.jpg 150w, https:\/\/www.vistamare.fr\/wp-content\/uploads\/2026\/02\/La-ferme.jpg 1024w\" sizes=\"(max-width: 768px) 100vw, 768px\" \/>\t\t\t\t\t\t\t\t<\/a>\n\t\t\t\t\t\t\t\t\t\t\t<figcaption class=\"widget-image-caption wp-caption-text\">Ferme<\/figcaption>\n\t\t\t\t\t\t\t\t\t\t<\/figure>\n\t\t\t\t\t\t\t\t\t<\/div>\n\t\t\t\t<\/div>\n\t\t\t\t<\/div>\n\t\t\t\t\t<\/div>\n\t\t\t\t<\/div>\n\t\t<div class=\"elementor-element elementor-element-570de65 e-flex e-con-boxed e-con e-parent\" data-id=\"570de65\" data-element_type=\"container\" data-e-type=\"container\" data-settings=\"{&quot;shape_divider_top&quot;:&quot;opacity-tilt&quot;}\">\n\t\t\t\t\t<div class=\"e-con-inner\">\n\t\t\t\t<div class=\"elementor-shape elementor-shape-top\" aria-hidden=\"true\" data-negative=\"false\">\n\t\t\t<svg xmlns=\"http:\/\/www.w3.org\/2000\/svg\" viewbox=\"0 0 2600 131.1\" preserveaspectratio=\"none\">\n\t<path class=\"elementor-shape-fill\" d=\"M0 0L2600 0 2600 69.1 0 0z\"\/>\n\t<path class=\"elementor-shape-fill\" style=\"opacity:0.5\" d=\"M0 0L2600 0 2600 69.1 0 69.1z\"\/>\n\t<path class=\"elementor-shape-fill\" style=\"opacity:0.25\" d=\"M2600 0L0 0 0 130.1 2600 69.1z\"\/>\n<\/svg>\t\t<\/div>\n\t\t\t\t<div class=\"elementor-element elementor-element-cf5d227 elementor-widget elementor-widget-heading\" data-id=\"cf5d227\" data-element_type=\"widget\" data-e-type=\"widget\" data-widget_type=\"heading.default\">\n\t\t\t\t<div class=\"elementor-widget-container\">\n\t\t\t\t\t<h3 class=\"elementor-heading-title elementor-size-default\">Les calanques de Piana <br>\net la r\u00e9serve de Scandola<\/h3>\t\t\t\t<\/div>\n\t\t\t\t<\/div>\n\t\t\t\t\t<\/div>\n\t\t\t\t<\/div>\n\t\t<div class=\"elementor-element elementor-element-9448fb4 e-flex e-con-boxed e-con e-parent\" data-id=\"9448fb4\" data-element_type=\"container\" data-e-type=\"container\">\n\t\t\t\t\t<div class=\"e-con-inner\">\n\t\t\t\t<div class=\"elementor-element elementor-element-b09586e elementor-widget elementor-widget-text-editor\" data-id=\"b09586e\" data-element_type=\"widget\" data-e-type=\"widget\" data-widget_type=\"text-editor.default\">\n\t\t\t\t<div class=\"elementor-widget-container\">\n\t\t\t\t\t\t\t\t\t<p><span style=\"color: #3ca0cb;\"><strong>Les calanques de Piana<\/strong><\/span> offrent un paysage spectaculaire o\u00f9 la roche rouge plonge dans une mer d\u2019un bleu profond. Sculpt\u00e9es par le vent et le temps, ces formations rocheuses aux formes \u00e9tonnantes cr\u00e9ent une atmosph\u00e8re presque irr\u00e9elle.<br \/>\u00c0 proximit\u00e9, <span style=\"color: #3ca0cb;\"><strong>la r\u00e9serve de Scandola<\/strong> <\/span>vient compl\u00e9ter ce d\u00e9cor exceptionnel. Class\u00e9e au patrimoine mondial de l\u2019UNESCO, elle abrite une biodiversit\u00e9 remarquable et des paysages volcaniques pr\u00e9serv\u00e9s, <span style=\"text-decoration: underline;\">accessibles principalement par la mer<\/span>.<\/p><p><strong><span style=\"text-decoration: underline;\">Partez \u00e0 la d\u00e9couverte de cette merveille de la nature<\/span> : <span style=\"color: #3ca0cb;\">cliquez sur les images pour en d\u00e9couvrir davantage.<\/span><\/strong><\/p>\t\t\t\t\t\t\t\t<\/div>\n\t\t\t\t<\/div>\n\t\t\t\t\t<\/div>\n\t\t\t\t<\/div>\n\t\t<div class=\"elementor-element elementor-element-fdf82b5 e-flex e-con-boxed e-con e-parent\" data-id=\"fdf82b5\" data-element_type=\"container\" data-e-type=\"container\">\n\t\t\t\t\t<div class=\"e-con-inner\">\n\t\t<div class=\"elementor-element elementor-element-eb16e82 e-con-full e-flex e-con e-child\" data-id=\"eb16e82\" data-element_type=\"container\" data-e-type=\"container\">\n\t\t\t\t<div class=\"elementor-element elementor-element-4f0e002 elementor-widget elementor-widget-image\" data-id=\"4f0e002\" data-element_type=\"widget\" data-e-type=\"widget\" data-widget_type=\"image.default\">\n\t\t\t\t<div class=\"elementor-widget-container\">\n\t\t\t\t\t\t\t\t\t\t\t\t\t\t\t\t<a href=\"https:\/\/www.vistamare.fr\/en\/les-calanques-de-piana\/\">\n\t\t\t\t\t\t\t<img decoding=\"async\" width=\"768\" height=\"1663\" src=\"https:\/\/www.vistamare.fr\/wp-content\/uploads\/2026\/04\/WhatsApp-Image-2026-04-10-at-14.56.52-768x1663.jpeg\" class=\"attachment-medium_large size-medium_large wp-image-2198\" alt=\"\" srcset=\"https:\/\/www.vistamare.fr\/wp-content\/uploads\/2026\/04\/WhatsApp-Image-2026-04-10-at-14.56.52-768x1663.jpeg 768w, https:\/\/www.vistamare.fr\/wp-content\/uploads\/2026\/04\/WhatsApp-Image-2026-04-10-at-14.56.52-139x300.jpeg 139w, https:\/\/www.vistamare.fr\/wp-content\/uploads\/2026\/04\/WhatsApp-Image-2026-04-10-at-14.56.52-473x1024.jpeg 473w, https:\/\/www.vistamare.fr\/wp-content\/uploads\/2026\/04\/WhatsApp-Image-2026-04-10-at-14.56.52-709x1536.jpeg 709w, https:\/\/www.vistamare.fr\/wp-content\/uploads\/2026\/04\/WhatsApp-Image-2026-04-10-at-14.56.52-6x12.jpeg 6w, https:\/\/www.vistamare.fr\/wp-content\/uploads\/2026\/04\/WhatsApp-Image-2026-04-10-at-14.56.52.jpeg 884w\" sizes=\"(max-width: 768px) 100vw, 768px\" \/>\t\t\t\t\t\t\t\t<\/a>\n\t\t\t\t\t\t\t\t\t\t\t\t\t\t\t<\/div>\n\t\t\t\t<\/div>\n\t\t\t\t<\/div>\n\t\t<div class=\"elementor-element elementor-element-fd6f641 e-con-full e-flex e-con e-child\" data-id=\"fd6f641\" data-element_type=\"container\" data-e-type=\"container\">\n\t\t\t\t<div class=\"elementor-element elementor-element-5ceedf9 elementor-widget elementor-widget-image\" data-id=\"5ceedf9\" data-element_type=\"widget\" data-e-type=\"widget\" data-widget_type=\"image.default\">\n\t\t\t\t<div class=\"elementor-widget-container\">\n\t\t\t\t\t\t\t\t\t\t\t\t\t\t\t\t<a href=\"https:\/\/www.vistamare.fr\/en\/les-calanques-de-piana\/\">\n\t\t\t\t\t\t\t<img loading=\"lazy\" decoding=\"async\" width=\"768\" height=\"561\" src=\"https:\/\/www.vistamare.fr\/wp-content\/uploads\/2026\/04\/Coeur-Piana-768x561.jpg\" class=\"attachment-medium_large size-medium_large wp-image-2199\" alt=\"\" srcset=\"https:\/\/www.vistamare.fr\/wp-content\/uploads\/2026\/04\/Coeur-Piana-768x561.jpg 768w, https:\/\/www.vistamare.fr\/wp-content\/uploads\/2026\/04\/Coeur-Piana-300x219.jpg 300w, https:\/\/www.vistamare.fr\/wp-content\/uploads\/2026\/04\/Coeur-Piana-1024x747.jpg 1024w, https:\/\/www.vistamare.fr\/wp-content\/uploads\/2026\/04\/Coeur-Piana-1536x1121.jpg 1536w, https:\/\/www.vistamare.fr\/wp-content\/uploads\/2026\/04\/Coeur-Piana-2048x1495.jpg 2048w, https:\/\/www.vistamare.fr\/wp-content\/uploads\/2026\/04\/Coeur-Piana-16x12.jpg 16w\" sizes=\"(max-width: 768px) 100vw, 768px\" \/>\t\t\t\t\t\t\t\t<\/a>\n\t\t\t\t\t\t\t\t\t\t\t\t\t\t\t<\/div>\n\t\t\t\t<\/div>\n\t\t\t\t<div class=\"elementor-element elementor-element-0ca85a9 elementor-widget elementor-widget-image\" data-id=\"0ca85a9\" data-element_type=\"widget\" data-e-type=\"widget\" data-widget_type=\"image.default\">\n\t\t\t\t<div class=\"elementor-widget-container\">\n\t\t\t\t\t\t\t\t\t\t\t\t\t\t\t\t<a href=\"https:\/\/www.vistamare.fr\/en\/les-calanques-de-piana\/\">\n\t\t\t\t\t\t\t<img loading=\"lazy\" decoding=\"async\" width=\"768\" height=\"419\" src=\"https:\/\/www.vistamare.fr\/wp-content\/uploads\/2026\/04\/Girolata-768x419.jpg\" class=\"attachment-medium_large size-medium_large wp-image-2200\" alt=\"\" srcset=\"https:\/\/www.vistamare.fr\/wp-content\/uploads\/2026\/04\/Girolata-768x419.jpg 768w, https:\/\/www.vistamare.fr\/wp-content\/uploads\/2026\/04\/Girolata-300x164.jpg 300w, https:\/\/www.vistamare.fr\/wp-content\/uploads\/2026\/04\/Girolata-1024x559.jpg 1024w, https:\/\/www.vistamare.fr\/wp-content\/uploads\/2026\/04\/Girolata-1536x839.jpg 1536w, https:\/\/www.vistamare.fr\/wp-content\/uploads\/2026\/04\/Girolata-2048x1119.jpg 2048w, https:\/\/www.vistamare.fr\/wp-content\/uploads\/2026\/04\/Girolata-18x10.jpg 18w\" sizes=\"(max-width: 768px) 100vw, 768px\" \/>\t\t\t\t\t\t\t\t<\/a>\n\t\t\t\t\t\t\t\t\t\t\t\t\t\t\t<\/div>\n\t\t\t\t<\/div>\n\t\t\t\t<\/div>\n\t\t<div class=\"elementor-element elementor-element-a973ccc e-con-full e-flex e-con e-child\" data-id=\"a973ccc\" data-element_type=\"container\" data-e-type=\"container\">\n\t\t\t\t<div class=\"elementor-element elementor-element-fe0b0f4 elementor-widget elementor-widget-image\" data-id=\"fe0b0f4\" data-element_type=\"widget\" data-e-type=\"widget\" data-widget_type=\"image.default\">\n\t\t\t\t<div class=\"elementor-widget-container\">\n\t\t\t\t\t\t\t\t\t\t\t\t\t\t\t\t<a href=\"https:\/\/www.vistamare.fr\/en\/les-calanques-de-piana\/\">\n\t\t\t\t\t\t\t<img loading=\"lazy\" decoding=\"async\" width=\"768\" height=\"1662\" src=\"https:\/\/www.vistamare.fr\/wp-content\/uploads\/2026\/04\/WhatsApp-Image-2026-04-10-at-15.17.37-768x1662.jpeg\" class=\"attachment-medium_large size-medium_large wp-image-2201\" alt=\"\" srcset=\"https:\/\/www.vistamare.fr\/wp-content\/uploads\/2026\/04\/WhatsApp-Image-2026-04-10-at-15.17.37-768x1662.jpeg 768w, https:\/\/www.vistamare.fr\/wp-content\/uploads\/2026\/04\/WhatsApp-Image-2026-04-10-at-15.17.37-139x300.jpeg 139w, https:\/\/www.vistamare.fr\/wp-content\/uploads\/2026\/04\/WhatsApp-Image-2026-04-10-at-15.17.37-473x1024.jpeg 473w, https:\/\/www.vistamare.fr\/wp-content\/uploads\/2026\/04\/WhatsApp-Image-2026-04-10-at-15.17.37-710x1536.jpeg 710w, https:\/\/www.vistamare.fr\/wp-content\/uploads\/2026\/04\/WhatsApp-Image-2026-04-10-at-15.17.37-6x12.jpeg 6w, https:\/\/www.vistamare.fr\/wp-content\/uploads\/2026\/04\/WhatsApp-Image-2026-04-10-at-15.17.37.jpeg 924w\" sizes=\"(max-width: 768px) 100vw, 768px\" \/>\t\t\t\t\t\t\t\t<\/a>\n\t\t\t\t\t\t\t\t\t\t\t\t\t\t\t<\/div>\n\t\t\t\t<\/div>\n\t\t\t\t<\/div>\n\t\t\t\t\t<\/div>\n\t\t\t\t<\/div>\n\t\t\t\t<\/div>","protected":false},"excerpt":{"rendered":"<p>Activit\u00e9s Les parcs La Corse est une \u00eele aux multiples activit\u00e9s : sports nautiques, randonn\u00e9es, VTT, parc, \u00e9quitation, canyoning ou excursions en bateau. Sans oublier les d\u00e9couvertes culturelles et gourmandes, pour profiter pleinement de l\u2019\u00eele et de ses paysages uniques.En Corse, chacun trouve de quoi s\u2019amuser et se ressourcer. Parc animalier &#8211; A Cupulatta Tortues [&hellip;]<\/p>\n","protected":false},"author":1,"featured_media":0,"parent":0,"menu_order":0,"comment_status":"closed","ping_status":"closed","template":"","meta":{"site-sidebar-layout":"default","site-content-layout":"","ast-site-content-layout":"default","site-content-style":"default","site-sidebar-style":"default","ast-global-header-display":"","ast-banner-title-visibility":"","ast-main-header-display":"","ast-hfb-above-header-display":"","ast-hfb-below-header-display":"","ast-hfb-mobile-header-display":"","site-post-title":"","ast-breadcrumbs-content":"","ast-featured-img":"","footer-sml-layout":"","ast-disable-related-posts":"","theme-transparent-header-meta":"","adv-header-id-meta":"","stick-header-meta":"","header-above-stick-meta":"","header-main-stick-meta":"","header-below-stick-meta":"","astra-migrate-meta-layouts":"default","ast-page-background-enabled":"default","ast-page-background-meta":{"desktop":{"background-color":"","background-image":"","background-repeat":"repeat","background-position":"center center","background-size":"auto","background-attachment":"scroll","background-type":"","background-media":"","overlay-type":"","overlay-color":"","overlay-opacity":"","overlay-gradient":""},"tablet":{"background-color":"","background-image":"","background-repeat":"repeat","background-position":"center center","background-size":"auto","background-attachment":"scroll","background-type":"","background-media":"","overlay-type":"","overlay-color":"","overlay-opacity":"","overlay-gradient":""},"mobile":{"background-color":"","background-image":"","background-repeat":"repeat","background-position":"center center","background-size":"auto","background-attachment":"scroll","background-type":"","background-media":"","overlay-type":"","overlay-color":"","overlay-opacity":"","overlay-gradient":""}},"ast-content-background-meta":{"desktop":{"background-color":"var(--ast-global-color-5)","background-image":"","background-repeat":"repeat","background-position":"center center","background-size":"auto","background-attachment":"scroll","background-type":"","background-media":"","overlay-type":"","overlay-color":"","overlay-opacity":"","overlay-gradient":""},"tablet":{"background-color":"var(--ast-global-color-5)","background-image":"","background-repeat":"repeat","background-position":"center center","background-size":"auto","background-attachment":"scroll","background-type":"","background-media":"","overlay-type":"","overlay-color":"","overlay-opacity":"","overlay-gradient":""},"mobile":{"background-color":"var(--ast-global-color-5)","background-image":"","background-repeat":"repeat","background-position":"center center","background-size":"auto","background-attachment":"scroll","background-type":"","background-media":"","overlay-type":"","overlay-color":"","overlay-opacity":"","overlay-gradient":""}},"footnotes":""},"class_list":["post-1166","page","type-page","status-publish","hentry"],"_links":{"self":[{"href":"https:\/\/www.vistamare.fr\/en\/wp-json\/wp\/v2\/pages\/1166","targetHints":{"allow":["GET"]}}],"collection":[{"href":"https:\/\/www.vistamare.fr\/en\/wp-json\/wp\/v2\/pages"}],"about":[{"href":"https:\/\/www.vistamare.fr\/en\/wp-json\/wp\/v2\/types\/page"}],"author":[{"embeddable":true,"href":"https:\/\/www.vistamare.fr\/en\/wp-json\/wp\/v2\/users\/1"}],"replies":[{"embeddable":true,"href":"https:\/\/www.vistamare.fr\/en\/wp-json\/wp\/v2\/comments?post=1166"}],"version-history":[{"count":46,"href":"https:\/\/www.vistamare.fr\/en\/wp-json\/wp\/v2\/pages\/1166\/revisions"}],"predecessor-version":[{"id":2245,"href":"https:\/\/www.vistamare.fr\/en\/wp-json\/wp\/v2\/pages\/1166\/revisions\/2245"}],"wp:attachment":[{"href":"https:\/\/www.vistamare.fr\/en\/wp-json\/wp\/v2\/media?parent=1166"}],"curies":[{"name":"wp","href":"https:\/\/api.w.org\/{rel}","templated":true}]}}